{"id":9183,"date":"2021-09-28T10:40:18","date_gmt":"2022-08-12T08:12:38","guid":{"rendered":"https:\/\/htc-ps.com\/?post_type=product&#038;p=9183"},"modified":"2022-10-24T10:56:44","modified_gmt":"2022-10-24T08:56:44","slug":"slagbomen","status":"publish","type":"product","link":"https:\/\/htc-ps.com\/de\/producten\/pevac-de\/slagbomen\/","title":{"rendered":"Schranken"},"content":{"rendered":"<p class=\"p1\">Die Pevac-Schranke bew\u00e4hrt sich schon seit Jahren: langlebig, qualitativ hochwertig und einfach in der Anwendung. Das erneuerte Design und die gew\u00fcnschte \u00d6ffnungsgeschwindigkeit sind starke Argumente. Dar\u00fcber hinaus ist diese Serie \u00e4u\u00dferst energieeffizient (ab 17 W), hat eine MCBF von 10 Millionen und das Preis-Leistungs-Verh\u00e4ltnis ist ausgezeichnet.<\/p>\n<p class=\"p1\">Wir beraten Sie gerne \u00fcber das komplette Angebot an Schrankenl\u00f6sungen und f\u00fchren die Installation genau nach Ma\u00df f\u00fcr Sie durch. Die Schranken sind bis zu einer L\u00e4nge von 10 Metern, in allen RAL-Farben und mit vielen Optionen erh\u00e4ltlich.<\/p>\n","protected":false},"excerpt":{"rendered":"<p><span data-sheets-value=\"{&quot;1&quot;:2,&quot;2&quot;:&quot;Die Pevac-Schranke bew\u00e4hrt sich schon seit Jahren: langlebig, qualitativ hochwertig und einfach in der Anwendung. Das erneuerte Design und die gew\u00fcnschte \u00d6ffnungsgeschwindigkeit sind starke Argumente. Dar\u00fcber hinaus ist diese Serie \u00e4u\u00dferst energieeffizient (ab 17 W), hat eine MCBF von 10 Millionen und das Preis-Leistungs-Verh\u00e4ltnis ist ausgezeichnet.&lt;\/p&gt; Wir beraten Sie gerne \u00fcber das komplette Angebot an Schrankenl\u00f6sungen und f\u00fchren die Installation genau nach Ma\u00df f\u00fcr Sie durch. Die Schranken sind bis zu einer L\u00e4nge von 10 Metern, in allen RAL-Farben und mit vielen Optionen erh\u00e4ltlich.&quot;}\" data-sheets-userformat=\"{&quot;2&quot;:14593,&quot;3&quot;:{&quot;1&quot;:0,&quot;3&quot;:1},&quot;11&quot;:4,&quot;14&quot;:{&quot;1&quot;:2,&quot;2&quot;:0},&quot;15&quot;:&quot;Arial&quot;,&quot;16&quot;:10}\">Die Pevac-Schranke bew\u00e4hrt sich schon seit Jahren<\/span><\/p>\n","protected":false},"featured_media":5213,"template":"","meta":{"_acf_changed":false,"inline_featured_image":false},"product_brand":[],"product_cat":[104],"product_tag":[],"class_list":{"0":"post-9183","1":"product","2":"type-product","3":"status-publish","4":"has-post-thumbnail","6":"product_cat-pevac-de","8":"first","9":"instock","10":"taxable","11":"shipping-taxable","12":"product-type-simple"},"acf":[],"yoast_head":"<!-- This site is optimized with the Yoast SEO plugin v26.0 - https:\/\/yoast.com\/wordpress\/plugins\/seo\/ -->\n<title>Schranken - HTC<\/title>\n<meta name=\"robots\" content=\"index, follow, max-snippet:-1, max-image-preview:large, max-video-preview:-1\" \/>\n<link rel=\"canonical\" href=\"https:\/\/htc-ps.com\/de\/producten\/pevac-de\/slagbomen\/\" \/>\n<meta property=\"og:locale\" content=\"de_DE\" \/>\n<meta property=\"og:type\" content=\"article\" \/>\n<meta property=\"og:title\" content=\"Schranken - HTC\" \/>\n<meta property=\"og:description\" content=\"Die Pevac-Schranke bew\u00e4hrt sich schon seit Jahren\" \/>\n<meta property=\"og:url\" content=\"https:\/\/htc-ps.com\/de\/producten\/pevac-de\/slagbomen\/\" \/>\n<meta property=\"og:site_name\" content=\"HTC\" \/>\n<meta property=\"article:modified_time\" content=\"2022-10-24T08:56:44+00:00\" \/>\n<meta property=\"og:image\" content=\"https:\/\/htc-ps.com\/wp-content\/uploads\/2021\/09\/pevac-slagbomen.jpg\" \/>\n\t<meta property=\"og:image:width\" content=\"2163\" \/>\n\t<meta property=\"og:image:height\" content=\"2163\" \/>\n\t<meta property=\"og:image:type\" content=\"image\/jpeg\" \/>\n<meta name=\"twitter:card\" content=\"summary_large_image\" \/>\n<meta name=\"twitter:label1\" content=\"Gesch\u00e4tzte Lesezeit\" \/>\n\t<meta name=\"twitter:data1\" content=\"1\u00a0Minute\" \/>\n<script type=\"application\/ld+json\" class=\"yoast-schema-graph\">{\"@context\":\"https:\/\/schema.org\",\"@graph\":[{\"@type\":\"WebPage\",\"@id\":\"https:\/\/htc-ps.com\/de\/producten\/pevac-de\/slagbomen\/\",\"url\":\"https:\/\/htc-ps.com\/de\/producten\/pevac-de\/slagbomen\/\",\"name\":\"Schranken - HTC\",\"isPartOf\":{\"@id\":\"https:\/\/htc-ps.com\/de\/#website\"},\"primaryImageOfPage\":{\"@id\":\"https:\/\/htc-ps.com\/de\/producten\/pevac-de\/slagbomen\/#primaryimage\"},\"image\":{\"@id\":\"https:\/\/htc-ps.com\/de\/producten\/pevac-de\/slagbomen\/#primaryimage\"},\"thumbnailUrl\":\"https:\/\/htc-ps.com\/wp-content\/uploads\/2021\/09\/pevac-slagbomen.jpg\",\"datePublished\":\"2022-08-12T08:12:38+00:00\",\"dateModified\":\"2022-10-24T08:56:44+00:00\",\"breadcrumb\":{\"@id\":\"https:\/\/htc-ps.com\/de\/producten\/pevac-de\/slagbomen\/#breadcrumb\"},\"inLanguage\":\"de\",\"potentialAction\":[{\"@type\":\"ReadAction\",\"target\":[\"https:\/\/htc-ps.com\/de\/producten\/pevac-de\/slagbomen\/\"]}]},{\"@type\":\"ImageObject\",\"inLanguage\":\"de\",\"@id\":\"https:\/\/htc-ps.com\/de\/producten\/pevac-de\/slagbomen\/#primaryimage\",\"url\":\"https:\/\/htc-ps.com\/wp-content\/uploads\/2021\/09\/pevac-slagbomen.jpg\",\"contentUrl\":\"https:\/\/htc-ps.com\/wp-content\/uploads\/2021\/09\/pevac-slagbomen.jpg\",\"width\":2163,\"height\":2163,\"caption\":\"pevac slagbomen\"},{\"@type\":\"BreadcrumbList\",\"@id\":\"https:\/\/htc-ps.com\/de\/producten\/pevac-de\/slagbomen\/#breadcrumb\",\"itemListElement\":[{\"@type\":\"ListItem\",\"position\":1,\"name\":\"Home\",\"item\":\"https:\/\/htc-ps.com\/de\/\"},{\"@type\":\"ListItem\",\"position\":2,\"name\":\"Produkten\",\"item\":\"https:\/\/htc-ps.com\/de\/?page_id=44\"},{\"@type\":\"ListItem\",\"position\":3,\"name\":\"Schranken\"}]},{\"@type\":\"WebSite\",\"@id\":\"https:\/\/htc-ps.com\/de\/#website\",\"url\":\"https:\/\/htc-ps.com\/de\/\",\"name\":\"HTC\",\"description\":\"parking en security\",\"potentialAction\":[{\"@type\":\"SearchAction\",\"target\":{\"@type\":\"EntryPoint\",\"urlTemplate\":\"https:\/\/htc-ps.com\/de\/?s={search_term_string}\"},\"query-input\":{\"@type\":\"PropertyValueSpecification\",\"valueRequired\":true,\"valueName\":\"search_term_string\"}}],\"inLanguage\":\"de\"}]}<\/script>\n<!-- \/ Yoast SEO plugin. -->","yoast_head_json":{"title":"Schranken - HTC","robots":{"index":"index","follow":"follow","max-snippet":"max-snippet:-1","max-image-preview":"max-image-preview:large","max-video-preview":"max-video-preview:-1"},"canonical":"https:\/\/htc-ps.com\/de\/producten\/pevac-de\/slagbomen\/","og_locale":"de_DE","og_type":"article","og_title":"Schranken - HTC","og_description":"Die Pevac-Schranke bew\u00e4hrt sich schon seit Jahren","og_url":"https:\/\/htc-ps.com\/de\/producten\/pevac-de\/slagbomen\/","og_site_name":"HTC","article_modified_time":"2022-10-24T08:56:44+00:00","og_image":[{"width":2163,"height":2163,"url":"https:\/\/htc-ps.com\/wp-content\/uploads\/2021\/09\/pevac-slagbomen.jpg","type":"image\/jpeg"}],"twitter_card":"summary_large_image","twitter_misc":{"Gesch\u00e4tzte Lesezeit":"1\u00a0Minute"},"schema":{"@context":"https:\/\/schema.org","@graph":[{"@type":"WebPage","@id":"https:\/\/htc-ps.com\/de\/producten\/pevac-de\/slagbomen\/","url":"https:\/\/htc-ps.com\/de\/producten\/pevac-de\/slagbomen\/","name":"Schranken - HTC","isPartOf":{"@id":"https:\/\/htc-ps.com\/de\/#website"},"primaryImageOfPage":{"@id":"https:\/\/htc-ps.com\/de\/producten\/pevac-de\/slagbomen\/#primaryimage"},"image":{"@id":"https:\/\/htc-ps.com\/de\/producten\/pevac-de\/slagbomen\/#primaryimage"},"thumbnailUrl":"https:\/\/htc-ps.com\/wp-content\/uploads\/2021\/09\/pevac-slagbomen.jpg","datePublished":"2022-08-12T08:12:38+00:00","dateModified":"2022-10-24T08:56:44+00:00","breadcrumb":{"@id":"https:\/\/htc-ps.com\/de\/producten\/pevac-de\/slagbomen\/#breadcrumb"},"inLanguage":"de","potentialAction":[{"@type":"ReadAction","target":["https:\/\/htc-ps.com\/de\/producten\/pevac-de\/slagbomen\/"]}]},{"@type":"ImageObject","inLanguage":"de","@id":"https:\/\/htc-ps.com\/de\/producten\/pevac-de\/slagbomen\/#primaryimage","url":"https:\/\/htc-ps.com\/wp-content\/uploads\/2021\/09\/pevac-slagbomen.jpg","contentUrl":"https:\/\/htc-ps.com\/wp-content\/uploads\/2021\/09\/pevac-slagbomen.jpg","width":2163,"height":2163,"caption":"pevac slagbomen"},{"@type":"BreadcrumbList","@id":"https:\/\/htc-ps.com\/de\/producten\/pevac-de\/slagbomen\/#breadcrumb","itemListElement":[{"@type":"ListItem","position":1,"name":"Home","item":"https:\/\/htc-ps.com\/de\/"},{"@type":"ListItem","position":2,"name":"Produkten","item":"https:\/\/htc-ps.com\/de\/?page_id=44"},{"@type":"ListItem","position":3,"name":"Schranken"}]},{"@type":"WebSite","@id":"https:\/\/htc-ps.com\/de\/#website","url":"https:\/\/htc-ps.com\/de\/","name":"HTC","description":"parking en security","potentialAction":[{"@type":"SearchAction","target":{"@type":"EntryPoint","urlTemplate":"https:\/\/htc-ps.com\/de\/?s={search_term_string}"},"query-input":{"@type":"PropertyValueSpecification","valueRequired":true,"valueName":"search_term_string"}}],"inLanguage":"de"}]}},"_links":{"self":[{"href":"https:\/\/htc-ps.com\/de\/wp-json\/wp\/v2\/product\/9183","targetHints":{"allow":["GET"]}}],"collection":[{"href":"https:\/\/htc-ps.com\/de\/wp-json\/wp\/v2\/product"}],"about":[{"href":"https:\/\/htc-ps.com\/de\/wp-json\/wp\/v2\/types\/product"}],"wp:featuredmedia":[{"embeddable":true,"href":"https:\/\/htc-ps.com\/de\/wp-json\/wp\/v2\/media\/5213"}],"wp:attachment":[{"href":"https:\/\/htc-ps.com\/de\/wp-json\/wp\/v2\/media?parent=9183"}],"wp:term":[{"taxonomy":"product_brand","embeddable":true,"href":"https:\/\/htc-ps.com\/de\/wp-json\/wp\/v2\/product_brand?post=9183"},{"taxonomy":"product_cat","embeddable":true,"href":"https:\/\/htc-ps.com\/de\/wp-json\/wp\/v2\/product_cat?post=9183"},{"taxonomy":"product_tag","embeddable":true,"href":"https:\/\/htc-ps.com\/de\/wp-json\/wp\/v2\/product_tag?post=9183"}],"curies":[{"name":"wp","href":"https:\/\/api.w.org\/{rel}","templated":true}]}}