{"id":9181,"date":"2021-09-28T10:32:01","date_gmt":"2022-08-12T07:59:16","guid":{"rendered":"https:\/\/htc-ps.com\/?post_type=product&#038;p=9181"},"modified":"2025-02-24T15:10:55","modified_gmt":"2025-02-24T14:10:55","slug":"xentry-mobile","status":"publish","type":"product","link":"https:\/\/htc-ps.com\/de\/producten\/speedgates-de\/xentry-mobile\/","title":{"rendered":"Xentry Mobile"},"content":{"rendered":"<p><span style=\"font-weight: 400;\">Baustellen, Veranstaltungen und viele andere \u201etempor\u00e4re Standorte\u201c sind oft Sammelpunkte f\u00fcr wertvolle Ausr\u00fcstung, Materialien und Menschen. Solche belebten, un\u00fcbersichtlichen Orte erfordern eine gut organisierte und gesicherte Zugangskontrolle. Einfache Schranken oder Tore, die manuell ge\u00f6ffnet und geschlossen werden, sind nicht mehr ausreichend und erfordern zu viel Arbeitsaufwand.<\/span><\/p>\n<p><span style=\"font-weight: 400;\">Der Xentry Mobile sichert eine Fahrzeugzufahrt oder -durchfahrt von 4 m oder 8 m gegen unbefugten Zutritt und regelt den Verkehr. Einzigartig ist, dass keine Verbindung zur anderen Seite erforderlich ist. Ein mobiles Speedgate bietet eine L\u00f6sung, die Sicherheit und Automatisierung rund um die Uhr kombiniert.<\/span><\/p>\n<h3>Vorteile des Xentry Mobile:<\/h3>\n<p><img decoding=\"async\" src=\"\/wp-content\/uploads\/2021\/10\/6.Stopwatchwit.png\" width=\"75\" \/><strong>Schnell:<\/strong>\u00a0bis zu 10-mal schneller als andere Torsysteme.<br \/>\n<img decoding=\"async\" src=\"\/wp-content\/uploads\/2021\/10\/8.Politiekeurmerkwit.png\" width=\"75\" \/><strong>Sicher:<\/strong>\u00a0die kurze \u00d6ffnungs- und Schlie\u00dfzeit verhindert Mitfahren und Mitlaufen und somit Diebstahl<br \/>\n<img decoding=\"async\" src=\"\/wp-content\/uploads\/2021\/10\/9.Veiligheidwit.png\" width=\"75\" \/><strong>Sicher:<\/strong>\u00a0das Speedgate ist ein autonomes System, das nach EN13241-1 zertifiziert ist.<\/p>\n<p><img decoding=\"async\" src=\"\/wp-content\/uploads\/2021\/10\/3.Geldzakwit.png\" width=\"75\" \/><strong>Unbemannt:<\/strong>\u00a0die automatische Zugangskontrolle verbessert den Verkehrsfluss und senkt die Kosten.<br \/>\n<img decoding=\"async\" src=\"\/wp-content\/uploads\/2021\/10\/5.Duimwit.png\" width=\"75\" \/><strong>24\/7 Support:<\/strong>\u00a0mit Fernwartung und Unterst\u00fctzung \u00fcber Xense, sorgt f\u00fcr hohe Verf\u00fcgbarkeit und zufriedene Nutzer.<\/p>\n","protected":false},"excerpt":{"rendered":"<p><strong>Sichere und uneingeschr\u00e4nkte Zufahrt sofort verf\u00fcgbar<\/strong><\/p>\n","protected":false},"featured_media":12325,"template":"","meta":{"_acf_changed":false,"inline_featured_image":false},"product_brand":[],"product_cat":[80],"product_tag":[],"class_list":{"0":"post-9181","1":"product","2":"type-product","3":"status-publish","4":"has-post-thumbnail","6":"product_cat-speedgates-de","8":"first","9":"instock","10":"taxable","11":"shipping-taxable","12":"product-type-simple"},"acf":[],"yoast_head":"<!-- This site is optimized with the Yoast SEO plugin v26.0 - https:\/\/yoast.com\/wordpress\/plugins\/seo\/ -->\n<title>Xentry Mobile Speedgate | HTC<\/title>\n<meta name=\"description\" content=\"Die ideale L\u00f6sung f\u00fcr die dauerhafte Absicherung von tempor\u00e4ren Standorten wie Baustellen und Veranstaltungen.\" \/>\n<meta name=\"robots\" content=\"index, follow, max-snippet:-1, max-image-preview:large, max-video-preview:-1\" \/>\n<link rel=\"canonical\" href=\"https:\/\/htc-ps.com\/de\/producten\/speedgates-de\/xentry-mobile\/\" \/>\n<meta property=\"og:locale\" content=\"de_DE\" \/>\n<meta property=\"og:type\" content=\"article\" \/>\n<meta property=\"og:title\" content=\"Xentry Mobile Speedgate | HTC\" \/>\n<meta property=\"og:description\" content=\"Die ideale L\u00f6sung f\u00fcr die dauerhafte Absicherung von tempor\u00e4ren Standorten wie Baustellen und Veranstaltungen.\" \/>\n<meta property=\"og:url\" content=\"https:\/\/htc-ps.com\/de\/producten\/speedgates-de\/xentry-mobile\/\" \/>\n<meta property=\"og:site_name\" content=\"HTC\" \/>\n<meta property=\"article:modified_time\" content=\"2025-02-24T14:10:55+00:00\" \/>\n<meta property=\"og:image\" content=\"https:\/\/htc-ps.com\/wp-content\/uploads\/2021\/09\/1-heel-erg-ingezoomd-1024x717.png\" \/>\n\t<meta property=\"og:image:width\" content=\"1024\" \/>\n\t<meta property=\"og:image:height\" content=\"717\" \/>\n\t<meta property=\"og:image:type\" content=\"image\/png\" \/>\n<meta name=\"twitter:card\" content=\"summary_large_image\" \/>\n<meta name=\"twitter:label1\" content=\"Gesch\u00e4tzte Lesezeit\" \/>\n\t<meta name=\"twitter:data1\" content=\"7\u00a0Minuten\" \/>\n<script type=\"application\/ld+json\" class=\"yoast-schema-graph\">{\"@context\":\"https:\/\/schema.org\",\"@graph\":[{\"@type\":\"WebPage\",\"@id\":\"https:\/\/htc-ps.com\/de\/producten\/speedgates-de\/xentry-mobile\/\",\"url\":\"https:\/\/htc-ps.com\/de\/producten\/speedgates-de\/xentry-mobile\/\",\"name\":\"Xentry Mobile Speedgate | HTC\",\"isPartOf\":{\"@id\":\"https:\/\/htc-ps.com\/de\/#website\"},\"primaryImageOfPage\":{\"@id\":\"https:\/\/htc-ps.com\/de\/producten\/speedgates-de\/xentry-mobile\/#primaryimage\"},\"image\":{\"@id\":\"https:\/\/htc-ps.com\/de\/producten\/speedgates-de\/xentry-mobile\/#primaryimage\"},\"thumbnailUrl\":\"https:\/\/htc-ps.com\/wp-content\/uploads\/2021\/09\/1-heel-erg-ingezoomd.png\",\"datePublished\":\"2022-08-12T07:59:16+00:00\",\"dateModified\":\"2025-02-24T14:10:55+00:00\",\"description\":\"Die ideale L\u00f6sung f\u00fcr die dauerhafte Absicherung von tempor\u00e4ren Standorten wie Baustellen und Veranstaltungen.\",\"breadcrumb\":{\"@id\":\"https:\/\/htc-ps.com\/de\/producten\/speedgates-de\/xentry-mobile\/#breadcrumb\"},\"inLanguage\":\"de\",\"potentialAction\":[{\"@type\":\"ReadAction\",\"target\":[\"https:\/\/htc-ps.com\/de\/producten\/speedgates-de\/xentry-mobile\/\"]}]},{\"@type\":\"ImageObject\",\"inLanguage\":\"de\",\"@id\":\"https:\/\/htc-ps.com\/de\/producten\/speedgates-de\/xentry-mobile\/#primaryimage\",\"url\":\"https:\/\/htc-ps.com\/wp-content\/uploads\/2021\/09\/1-heel-erg-ingezoomd.png\",\"contentUrl\":\"https:\/\/htc-ps.com\/wp-content\/uploads\/2021\/09\/1-heel-erg-ingezoomd.png\",\"width\":1920,\"height\":1344},{\"@type\":\"BreadcrumbList\",\"@id\":\"https:\/\/htc-ps.com\/de\/producten\/speedgates-de\/xentry-mobile\/#breadcrumb\",\"itemListElement\":[{\"@type\":\"ListItem\",\"position\":1,\"name\":\"Home\",\"item\":\"https:\/\/htc-ps.com\/de\/\"},{\"@type\":\"ListItem\",\"position\":2,\"name\":\"Produkten\",\"item\":\"https:\/\/htc-ps.com\/de\/?page_id=44\"},{\"@type\":\"ListItem\",\"position\":3,\"name\":\"Xentry Mobile\"}]},{\"@type\":\"WebSite\",\"@id\":\"https:\/\/htc-ps.com\/de\/#website\",\"url\":\"https:\/\/htc-ps.com\/de\/\",\"name\":\"HTC\",\"description\":\"parking en security\",\"potentialAction\":[{\"@type\":\"SearchAction\",\"target\":{\"@type\":\"EntryPoint\",\"urlTemplate\":\"https:\/\/htc-ps.com\/de\/?s={search_term_string}\"},\"query-input\":{\"@type\":\"PropertyValueSpecification\",\"valueRequired\":true,\"valueName\":\"search_term_string\"}}],\"inLanguage\":\"de\"}]}<\/script>\n<!-- \/ Yoast SEO plugin. -->","yoast_head_json":{"title":"Xentry Mobile Speedgate | HTC","description":"Die ideale L\u00f6sung f\u00fcr die dauerhafte Absicherung von tempor\u00e4ren Standorten wie Baustellen und Veranstaltungen.","robots":{"index":"index","follow":"follow","max-snippet":"max-snippet:-1","max-image-preview":"max-image-preview:large","max-video-preview":"max-video-preview:-1"},"canonical":"https:\/\/htc-ps.com\/de\/producten\/speedgates-de\/xentry-mobile\/","og_locale":"de_DE","og_type":"article","og_title":"Xentry Mobile Speedgate | HTC","og_description":"Die ideale L\u00f6sung f\u00fcr die dauerhafte Absicherung von tempor\u00e4ren Standorten wie Baustellen und Veranstaltungen.","og_url":"https:\/\/htc-ps.com\/de\/producten\/speedgates-de\/xentry-mobile\/","og_site_name":"HTC","article_modified_time":"2025-02-24T14:10:55+00:00","og_image":[{"width":1024,"height":717,"url":"https:\/\/htc-ps.com\/wp-content\/uploads\/2021\/09\/1-heel-erg-ingezoomd-1024x717.png","type":"image\/png"}],"twitter_card":"summary_large_image","twitter_misc":{"Gesch\u00e4tzte Lesezeit":"7\u00a0Minuten"},"schema":{"@context":"https:\/\/schema.org","@graph":[{"@type":"WebPage","@id":"https:\/\/htc-ps.com\/de\/producten\/speedgates-de\/xentry-mobile\/","url":"https:\/\/htc-ps.com\/de\/producten\/speedgates-de\/xentry-mobile\/","name":"Xentry Mobile Speedgate | HTC","isPartOf":{"@id":"https:\/\/htc-ps.com\/de\/#website"},"primaryImageOfPage":{"@id":"https:\/\/htc-ps.com\/de\/producten\/speedgates-de\/xentry-mobile\/#primaryimage"},"image":{"@id":"https:\/\/htc-ps.com\/de\/producten\/speedgates-de\/xentry-mobile\/#primaryimage"},"thumbnailUrl":"https:\/\/htc-ps.com\/wp-content\/uploads\/2021\/09\/1-heel-erg-ingezoomd.png","datePublished":"2022-08-12T07:59:16+00:00","dateModified":"2025-02-24T14:10:55+00:00","description":"Die ideale L\u00f6sung f\u00fcr die dauerhafte Absicherung von tempor\u00e4ren Standorten wie Baustellen und Veranstaltungen.","breadcrumb":{"@id":"https:\/\/htc-ps.com\/de\/producten\/speedgates-de\/xentry-mobile\/#breadcrumb"},"inLanguage":"de","potentialAction":[{"@type":"ReadAction","target":["https:\/\/htc-ps.com\/de\/producten\/speedgates-de\/xentry-mobile\/"]}]},{"@type":"ImageObject","inLanguage":"de","@id":"https:\/\/htc-ps.com\/de\/producten\/speedgates-de\/xentry-mobile\/#primaryimage","url":"https:\/\/htc-ps.com\/wp-content\/uploads\/2021\/09\/1-heel-erg-ingezoomd.png","contentUrl":"https:\/\/htc-ps.com\/wp-content\/uploads\/2021\/09\/1-heel-erg-ingezoomd.png","width":1920,"height":1344},{"@type":"BreadcrumbList","@id":"https:\/\/htc-ps.com\/de\/producten\/speedgates-de\/xentry-mobile\/#breadcrumb","itemListElement":[{"@type":"ListItem","position":1,"name":"Home","item":"https:\/\/htc-ps.com\/de\/"},{"@type":"ListItem","position":2,"name":"Produkten","item":"https:\/\/htc-ps.com\/de\/?page_id=44"},{"@type":"ListItem","position":3,"name":"Xentry Mobile"}]},{"@type":"WebSite","@id":"https:\/\/htc-ps.com\/de\/#website","url":"https:\/\/htc-ps.com\/de\/","name":"HTC","description":"parking en security","potentialAction":[{"@type":"SearchAction","target":{"@type":"EntryPoint","urlTemplate":"https:\/\/htc-ps.com\/de\/?s={search_term_string}"},"query-input":{"@type":"PropertyValueSpecification","valueRequired":true,"valueName":"search_term_string"}}],"inLanguage":"de"}]}},"_links":{"self":[{"href":"https:\/\/htc-ps.com\/de\/wp-json\/wp\/v2\/product\/9181","targetHints":{"allow":["GET"]}}],"collection":[{"href":"https:\/\/htc-ps.com\/de\/wp-json\/wp\/v2\/product"}],"about":[{"href":"https:\/\/htc-ps.com\/de\/wp-json\/wp\/v2\/types\/product"}],"wp:featuredmedia":[{"embeddable":true,"href":"https:\/\/htc-ps.com\/de\/wp-json\/wp\/v2\/media\/12325"}],"wp:attachment":[{"href":"https:\/\/htc-ps.com\/de\/wp-json\/wp\/v2\/media?parent=9181"}],"wp:term":[{"taxonomy":"product_brand","embeddable":true,"href":"https:\/\/htc-ps.com\/de\/wp-json\/wp\/v2\/product_brand?post=9181"},{"taxonomy":"product_cat","embeddable":true,"href":"https:\/\/htc-ps.com\/de\/wp-json\/wp\/v2\/product_cat?post=9181"},{"taxonomy":"product_tag","embeddable":true,"href":"https:\/\/htc-ps.com\/de\/wp-json\/wp\/v2\/product_tag?post=9181"}],"curies":[{"name":"wp","href":"https:\/\/api.w.org\/{rel}","templated":true}]}}