{"id":9178,"date":"2021-10-04T16:41:01","date_gmt":"2022-08-11T11:23:15","guid":{"rendered":"https:\/\/htc-ps.com\/?post_type=product&#038;p=9178"},"modified":"2024-01-29T15:49:19","modified_gmt":"2024-01-29T14:49:19","slug":"xentry-on-site","status":"publish","type":"product","link":"https:\/\/htc-ps.com\/de\/producten\/speedgates-de\/xentry-on-site\/","title":{"rendered":"Xentry on Site"},"content":{"rendered":"<h3><iframe loading=\"lazy\" width=\"560\" height=\"315\" src=\"https:\/\/www.youtube.com\/embed\/ZLZYTJfyI6U?si=YdXderr-OqW_rVd4\" title=\"YouTube video player\" frameborder=\"0\" allow=\"accelerometer; autoplay; clipboard-write; encrypted-media; gyroscope; picture-in-picture; web-share\" allowfullscreen><\/iframe><\/h3>\n<h3><span data-sheets-value=\"{&quot;1&quot;:2,&quot;2&quot;:&quot;Dauerhaft geschlossener Zaun&quot;}\" data-sheets-userformat=\"{&quot;2&quot;:14593,&quot;3&quot;:{&quot;1&quot;:0,&quot;3&quot;:1},&quot;11&quot;:4,&quot;14&quot;:{&quot;1&quot;:2,&quot;2&quot;:0},&quot;15&quot;:&quot;Arial&quot;,&quot;16&quot;:10}\" data-sheets-textstyleruns=\"{&quot;1&quot;:0,&quot;2&quot;:{&quot;2&quot;:{&quot;1&quot;:2,&quot;2&quot;:0},&quot;3&quot;:&quot;Arial&quot;,&quot;4&quot;:10,&quot;5&quot;:1}}\">Dauerhaft geschlossener Zaun<\/span><\/h3>\n<p><span data-sheets-value=\"{&quot;1&quot;:2,&quot;2&quot;:&quot;Ein Speedgate ist ein Tor, das sich so schnell bewegt, dass es sich bei jeder Durchfahrt eines Fahrzeugs \u00f6ffnet und schlie\u00dft, genau wie eine Schranke. Infolgedessen ist Ihre Zaunlinie in der Tat st\u00e4ndig geschlossen. Dies ist der beste Schutz vor unerw\u00fcnschtem Zugang und eine M\u00f6glichkeit, unerw\u00fcnschte Einblicke zu begrenzen (mit Textilbespannung).&quot;}\" data-sheets-userformat=\"{&quot;2&quot;:14593,&quot;3&quot;:{&quot;1&quot;:0,&quot;3&quot;:1},&quot;11&quot;:4,&quot;14&quot;:{&quot;1&quot;:2,&quot;2&quot;:0},&quot;15&quot;:&quot;Arial&quot;,&quot;16&quot;:10}\">Ein Speedgate ist ein Tor, das sich so schnell bewegt, dass es sich bei jeder Durchfahrt eines Fahrzeugs \u00f6ffnet und schlie\u00dft, genau wie eine Schranke. Infolgedessen ist Ihre Zaunlinie in der Tat st\u00e4ndig geschlossen. Dies ist der beste Schutz vor unerw\u00fcnschtem Zugang und eine M\u00f6glichkeit, unerw\u00fcnschte Einblicke zu begrenzen (mit Textilbespannung).<\/span><\/p>\n<h3><span data-sheets-value=\"{&quot;1&quot;:2,&quot;2&quot;:&quot;Automatisierung spart Personal&quot;}\" data-sheets-userformat=\"{&quot;2&quot;:14593,&quot;3&quot;:{&quot;1&quot;:0,&quot;3&quot;:1},&quot;11&quot;:4,&quot;14&quot;:{&quot;1&quot;:2,&quot;2&quot;:0},&quot;15&quot;:&quot;Arial&quot;,&quot;16&quot;:10}\" data-sheets-textstyleruns=\"{&quot;1&quot;:0,&quot;2&quot;:{&quot;2&quot;:{&quot;1&quot;:2,&quot;2&quot;:0},&quot;3&quot;:&quot;Arial&quot;,&quot;4&quot;:10,&quot;5&quot;:1}}\">Automatisierung spart Personal<\/span><\/h3>\n<p><span data-sheets-value=\"{&quot;1&quot;:2,&quot;2&quot;:&quot;Speedgates k\u00f6nnen mit verschiedenen Arten von \u201eZugangskontrollsystemen\u201c verbunden werden. Dies kann mit einem Druckknopf oder Handsender geschehen, aber auch mit einem \u201eunbemannten\u201c Kennzeichenerkennungssystem oder einem System mit Mobiltelefonen. Das spart eine Menge Kosten, w\u00e4hrend jedes Fahrzeug \u201eauf kontrollierte Weise\u201c ein- oder ausfahren kann. Dar\u00fcber hinaus kann das Speedgate mit zus\u00e4tzlichen Sensoren zur \u201eInspektion\u201c von Fahrzeugen ausgestattet werden, wie z.B. Kamerasystemen und RFiD-Leseger\u00e4ten. Z.B. um zu \u00fcberpr\u00fcfen, ob die Fahrzeuge die Zeitfenster einhalten, der vereinbarten Umweltklassifizierung entsprechen usw.&quot;}\" data-sheets-userformat=\"{&quot;2&quot;:14593,&quot;3&quot;:{&quot;1&quot;:0,&quot;3&quot;:1},&quot;11&quot;:4,&quot;14&quot;:{&quot;1&quot;:2,&quot;2&quot;:0},&quot;15&quot;:&quot;Arial&quot;,&quot;16&quot;:10}\">Speedgates k\u00f6nnen mit verschiedenen Arten von \u201eZugangskontrollsystemen\u201c verbunden werden. Dies kann mit einem Druckknopf oder Handsender geschehen, aber auch mit einem \u201eunbemannten\u201c Kennzeichenerkennungssystem oder einem System mit Mobiltelefonen. <\/span><\/p>\n<p><span data-sheets-value=\"{&quot;1&quot;:2,&quot;2&quot;:&quot;Speedgates k\u00f6nnen mit verschiedenen Arten von \u201eZugangskontrollsystemen\u201c verbunden werden. Dies kann mit einem Druckknopf oder Handsender geschehen, aber auch mit einem \u201eunbemannten\u201c Kennzeichenerkennungssystem oder einem System mit Mobiltelefonen. Das spart eine Menge Kosten, w\u00e4hrend jedes Fahrzeug \u201eauf kontrollierte Weise\u201c ein- oder ausfahren kann. Dar\u00fcber hinaus kann das Speedgate mit zus\u00e4tzlichen Sensoren zur \u201eInspektion\u201c von Fahrzeugen ausgestattet werden, wie z.B. Kamerasystemen und RFiD-Leseger\u00e4ten. Z.B. um zu \u00fcberpr\u00fcfen, ob die Fahrzeuge die Zeitfenster einhalten, der vereinbarten Umweltklassifizierung entsprechen usw.&quot;}\" data-sheets-userformat=\"{&quot;2&quot;:14593,&quot;3&quot;:{&quot;1&quot;:0,&quot;3&quot;:1},&quot;11&quot;:4,&quot;14&quot;:{&quot;1&quot;:2,&quot;2&quot;:0},&quot;15&quot;:&quot;Arial&quot;,&quot;16&quot;:10}\">Das spart eine Menge Kosten, w\u00e4hrend jedes Fahrzeug \u201eauf kontrollierte Weise\u201c ein- oder ausfahren kann. Dar\u00fcber hinaus kann das Speedgate mit zus\u00e4tzlichen Sensoren zur \u201eInspektion\u201c von Fahrzeugen ausgestattet werden, wie z.B. Kamerasystemen und RFiD-Leseger\u00e4ten. Z.B. um zu \u00fcberpr\u00fcfen, ob die Fahrzeuge die Zeitfenster einhalten, der vereinbarten Umweltklassifizierung entsprechen usw.<\/span><\/p>\n<h3><span data-sheets-value=\"{&quot;1&quot;:2,&quot;2&quot;:&quot;Entwickelt f\u00fcr Baustellen&quot;}\" data-sheets-userformat=\"{&quot;2&quot;:14593,&quot;3&quot;:{&quot;1&quot;:0,&quot;3&quot;:1},&quot;11&quot;:4,&quot;14&quot;:{&quot;1&quot;:2,&quot;2&quot;:0},&quot;15&quot;:&quot;Arial&quot;,&quot;16&quot;:10}\" data-sheets-textstyleruns=\"{&quot;1&quot;:0,&quot;2&quot;:{&quot;2&quot;:{&quot;1&quot;:2,&quot;2&quot;:0},&quot;3&quot;:&quot;Arial&quot;,&quot;4&quot;:10,&quot;5&quot;:1}}\">Entwickelt f\u00fcr Baustellen<\/span><\/h3>\n<p><span data-sheets-value=\"{&quot;1&quot;:2,&quot;2&quot;:&quot;Eine Baustelle hat eine durchschnittliche \u201eLebensdauer\u201c von 1 bis 3 Jahren. W\u00e4hrend dieser Zeit werden eine Baustellenzufahrt und eine Umz\u00e4unung errichtet. Ein System von Xentry on Site hat eine Lebensdauer von mindestens 10 Jahren. Das entspricht 3 bis 5 Baustellen. Kombinieren Sie dies mit einer einfachen Eigeninstallation, den Vorteilen einer automatisierten Zufahrt und einer besseren Sicherheit und ein Speedgate wird sehr attraktiv.&quot;}\" data-sheets-userformat=\"{&quot;2&quot;:14593,&quot;3&quot;:{&quot;1&quot;:0,&quot;3&quot;:1},&quot;11&quot;:4,&quot;14&quot;:{&quot;1&quot;:2,&quot;2&quot;:0},&quot;15&quot;:&quot;Arial&quot;,&quot;16&quot;:10}\">Eine Baustelle hat eine durchschnittliche \u201eLebensdauer\u201c von 1 bis 3 Jahren. W\u00e4hrend dieser Zeit werden eine Baustellenzufahrt und eine Umz\u00e4unung errichtet. Ein System von Xentry on Site hat eine Lebensdauer von mindestens 10 Jahren. Das entspricht 3 bis 5 Baustellen. Kombinieren Sie dies mit einer einfachen Eigeninstallation, den Vorteilen einer automatisierten Zufahrt und einer besseren Sicherheit und ein Speedgate wird sehr attraktiv.<\/span><\/p>\n<h3><span data-sheets-value=\"{&quot;1&quot;:2,&quot;2&quot;:&quot;Lagern, Transportieren und Bewegen&quot;}\" data-sheets-userformat=\"{&quot;2&quot;:14593,&quot;3&quot;:{&quot;1&quot;:0,&quot;3&quot;:1},&quot;11&quot;:4,&quot;14&quot;:{&quot;1&quot;:2,&quot;2&quot;:0},&quot;15&quot;:&quot;Arial&quot;,&quot;16&quot;:10}\" data-sheets-textstyleruns=\"{&quot;1&quot;:0,&quot;2&quot;:{&quot;2&quot;:{&quot;1&quot;:2,&quot;2&quot;:0},&quot;3&quot;:&quot;Arial&quot;,&quot;4&quot;:10,&quot;5&quot;:1}}\">Lagern, Transportieren und Bewegen<\/span><\/h3>\n<p><span data-sheets-value=\"{&quot;1&quot;:2,&quot;2&quot;:&quot;Das Produkt besteht aus \u201eeiner Einheit\u201c, ohne lose Teile. Transport auf einem LKW mit ebener Ladefl\u00e4che. Platzierung vor Ort in einer Aussparung (50\u00a0cm), nach der die Baustellenzufahrt ohne Unterbrechung weitergef\u00fchrt werden kann. Betriebsbereit durch Anschluss der Stromversorgung und ggf. der Zugangskontrolle.&quot;}\" data-sheets-userformat=\"{&quot;2&quot;:14593,&quot;3&quot;:{&quot;1&quot;:0,&quot;3&quot;:1},&quot;11&quot;:4,&quot;14&quot;:{&quot;1&quot;:2,&quot;2&quot;:0},&quot;15&quot;:&quot;Arial&quot;,&quot;16&quot;:10}\">Das Produkt besteht aus \u201eeiner Einheit\u201c, ohne lose Teile. Transport auf einem LKW mit ebener Ladefl\u00e4che. Platzierung vor Ort in einer Aussparung (50\u00a0cm), nach der die Baustellenzufahrt ohne Unterbrechung weitergef\u00fchrt werden kann. Betriebsbereit durch Anschluss der Stromversorgung und ggf. der Zugangskontrolle.<\/span><\/p>\n<h3><span data-sheets-value=\"{&quot;1&quot;:2,&quot;2&quot;:&quot;Standort&quot;}\" data-sheets-userformat=\"{&quot;2&quot;:14593,&quot;3&quot;:{&quot;1&quot;:0,&quot;3&quot;:1},&quot;11&quot;:4,&quot;14&quot;:{&quot;1&quot;:2,&quot;2&quot;:0},&quot;15&quot;:&quot;Arial&quot;,&quot;16&quot;:10}\" data-sheets-textstyleruns=\"{&quot;1&quot;:0,&quot;2&quot;:{&quot;2&quot;:{&quot;1&quot;:2,&quot;2&quot;:0},&quot;3&quot;:&quot;Arial&quot;,&quot;4&quot;:10,&quot;5&quot;:1}}\">Standort<\/span><\/h3>\n<p><span data-sheets-value=\"{&quot;1&quot;:2,&quot;2&quot;:&quot;Ausgestattet f\u00fcr den Anschluss von Umz\u00e4unungen und \u00d6sen f\u00fcr Banner (als Sichtschutz oder zur Information). \u00d6ffnung 5,8\u00a0m breit, gesch\u00fctzte H\u00f6he 2,1\u00a0m (Spitze Scheitelpunkt)&quot;}\" data-sheets-userformat=\"{&quot;2&quot;:14593,&quot;3&quot;:{&quot;1&quot;:0,&quot;3&quot;:1},&quot;11&quot;:4,&quot;14&quot;:{&quot;1&quot;:2,&quot;2&quot;:0},&quot;15&quot;:&quot;Arial&quot;,&quot;16&quot;:10}\">Ausgestattet f\u00fcr den Anschluss von Umz\u00e4unungen und \u00d6sen f\u00fcr Banner (als Sichtschutz oder zur Information). \u00d6ffnung 5,8\u00a0m breit, gesch\u00fctzte H\u00f6he 2,1\u00a0m (Spitze Scheitelpunkt)<\/span><\/p>\n<h3><span data-sheets-value=\"{&quot;1&quot;:2,&quot;2&quot;:&quot;Benutzung&quot;}\" data-sheets-userformat=\"{&quot;2&quot;:14593,&quot;3&quot;:{&quot;1&quot;:0,&quot;3&quot;:1},&quot;11&quot;:4,&quot;14&quot;:{&quot;1&quot;:2,&quot;2&quot;:0},&quot;15&quot;:&quot;Arial&quot;,&quot;16&quot;:10}\" data-sheets-textstyleruns=\"{&quot;1&quot;:0,&quot;2&quot;:{&quot;2&quot;:{&quot;1&quot;:2,&quot;2&quot;:0},&quot;3&quot;:&quot;Arial&quot;,&quot;4&quot;:10,&quot;5&quot;:1}}\">Benutzung<\/span><\/h3>\n<p><span data-sheets-value=\"{&quot;1&quot;:2,&quot;2&quot;:&quot;Leitpoller (wei\u00df mit reflektierenden roten Streifen) unterst\u00fctzen die Fahrer bei der Durchfahrt. Diese Pfosten befinden sich 20\u00a0cm innerhalb des Speedgate und der Fl\u00fcgel und sch\u00fctzen das Speedgate vor Kollisionen und Besch\u00e4digungen.&quot;}\" data-sheets-userformat=\"{&quot;2&quot;:14593,&quot;3&quot;:{&quot;1&quot;:0,&quot;3&quot;:1},&quot;11&quot;:4,&quot;14&quot;:{&quot;1&quot;:2,&quot;2&quot;:0},&quot;15&quot;:&quot;Arial&quot;,&quot;16&quot;:10}\">Leitpoller (wei\u00df mit reflektierenden roten Streifen) unterst\u00fctzen die Fahrer bei der Durchfahrt. Diese Pfosten befinden sich 20\u00a0cm innerhalb des Speedgate und der Fl\u00fcgel und sch\u00fctzen das Speedgate vor Kollisionen und Besch\u00e4digungen.<\/span><\/p>\n<h3><span data-sheets-value=\"{&quot;1&quot;:2,&quot;2&quot;:&quot;Steuerung und Sicherung&quot;}\" data-sheets-userformat=\"{&quot;2&quot;:14593,&quot;3&quot;:{&quot;1&quot;:0,&quot;3&quot;:1},&quot;11&quot;:4,&quot;14&quot;:{&quot;1&quot;:2,&quot;2&quot;:0},&quot;15&quot;:&quot;Arial&quot;,&quot;16&quot;:10}\" data-sheets-textstyleruns=\"{&quot;1&quot;:0,&quot;2&quot;:{&quot;2&quot;:{&quot;1&quot;:2,&quot;2&quot;:0},&quot;3&quot;:&quot;Arial&quot;,&quot;4&quot;:10,&quot;5&quot;:1}}\">Steuerung und Sicherung<\/span><\/h3>\n<p><span data-sheets-value=\"{&quot;1&quot;:2,&quot;2&quot;:&quot;Sicherung: Das Speedgate entspricht vollst\u00e4ndig der EN 13241 (Norm f\u00fcr automatische Tore und T\u00fcren). F\u00fcr den sicheren Einsatz auf einer Baustelle in einer dicht besiedelten Umgebung wurden 2 Vertikallaser hinzugef\u00fcgt. Steuerung: Einfahrt, das \u00d6ffnen erfolgt auf Signal eines Zugangskontrollsystems. Schlie\u00dfen nach dem Passieren der vertikalen Laser oder nach einem bestimmten Zeitraum. (Auch manuelle Bedienung m\u00f6glich) Ausfahrt: \u00d6ffnung bei Erkennung eines Fahrzeugs durch den horizontalen Laser. Das Schlie\u00dfen erfolgt nach dem Passieren des vertikalen Lasers oder nach einem bestimmten Zeitraum. Durch vertikale, rot blinkende LED-Leuchten in der Mitte der sich bewegenden Fl\u00fcgel (Sichtfeld des Fahrers) wird ein Wartesignal gegeben. Sichere Durchfahrt durch helle horizontale gr\u00fcne LED-Leuchten.&quot;}\" data-sheets-userformat=\"{&quot;2&quot;:14593,&quot;3&quot;:{&quot;1&quot;:0,&quot;3&quot;:1},&quot;11&quot;:4,&quot;14&quot;:{&quot;1&quot;:2,&quot;2&quot;:0},&quot;15&quot;:&quot;Arial&quot;,&quot;16&quot;:10}\">Sicherung: Das Speedgate entspricht vollst\u00e4ndig der EN 13241 (Norm f\u00fcr automatische Tore und T\u00fcren). F\u00fcr den sicheren Einsatz auf einer Baustelle in einer dicht besiedelten Umgebung wurden 2 Vertikallaser hinzugef\u00fcgt. Steuerung: Einfahrt, das \u00d6ffnen erfolgt auf Signal eines Zugangskontrollsystems. Schlie\u00dfen nach dem Passieren der vertikalen Laser oder nach einem bestimmten Zeitraum. (Auch manuelle Bedienung m\u00f6glich) Ausfahrt: \u00d6ffnung bei Erkennung eines Fahrzeugs durch den horizontalen Laser. Das Schlie\u00dfen erfolgt nach dem Passieren des vertikalen Lasers oder nach einem bestimmten Zeitraum. Durch vertikale, rot blinkende LED-Leuchten in der Mitte der sich bewegenden Fl\u00fcgel (Sichtfeld des Fahrers) wird ein Wartesignal gegeben. Sichere Durchfahrt durch helle horizontale gr\u00fcne LED-Leuchten.<\/span><\/p>\n","protected":false},"excerpt":{"rendered":"<p>Baustellen sind Sammelstellen, auf denen sich wertvolle Ger\u00e4te, Materialien und Menschen befinden. Eine Schranke oder ein Tor, das von Hand ge\u00f6ffnet und geschlossen wird, ist nicht mehr ausreichend und arbeitsintensiv in der Anwendung. Ein mobiles Speedgate bietet eine L\u00f6sung, die Sicherheit und Automatisierung kombiniert. 24 Stunden am Tag.<\/p>\n","protected":false},"featured_media":5674,"template":"","meta":{"_acf_changed":false,"inline_featured_image":false},"product_brand":[],"product_cat":[80],"product_tag":[],"class_list":{"0":"post-9178","1":"product","2":"type-product","3":"status-publish","4":"has-post-thumbnail","6":"product_cat-speedgates-de","8":"first","9":"instock","10":"taxable","11":"shipping-taxable","12":"product-type-simple"},"acf":[],"yoast_head":"<!-- This site is optimized with the Yoast SEO plugin v26.0 - https:\/\/yoast.com\/wordpress\/plugins\/seo\/ -->\n<title>Xentry on Site - HTC<\/title>\n<meta name=\"robots\" content=\"index, follow, max-snippet:-1, max-image-preview:large, max-video-preview:-1\" \/>\n<link rel=\"canonical\" href=\"https:\/\/htc-ps.com\/de\/producten\/speedgates-de\/xentry-on-site\/\" \/>\n<meta property=\"og:locale\" content=\"de_DE\" \/>\n<meta property=\"og:type\" content=\"article\" \/>\n<meta property=\"og:title\" content=\"Xentry on Site - HTC\" \/>\n<meta property=\"og:description\" content=\"Baustellen sind Sammelstellen, auf denen sich wertvolle Ger\u00e4te, Materialien und Menschen befinden. Eine Schranke oder ein Tor, das von Hand ge\u00f6ffnet und geschlossen wird, ist nicht mehr ausreichend und arbeitsintensiv in der Anwendung. Ein mobiles Speedgate bietet eine L\u00f6sung, die Sicherheit und Automatisierung kombiniert. 24 Stunden am Tag.\" \/>\n<meta property=\"og:url\" content=\"https:\/\/htc-ps.com\/de\/producten\/speedgates-de\/xentry-on-site\/\" \/>\n<meta property=\"og:site_name\" content=\"HTC\" \/>\n<meta property=\"article:modified_time\" content=\"2024-01-29T14:49:19+00:00\" \/>\n<meta property=\"og:image\" content=\"https:\/\/htc-ps.com\/wp-content\/uploads\/2021\/10\/Xentry-on-site-productafbeelding.jpg\" \/>\n\t<meta property=\"og:image:width\" content=\"1200\" \/>\n\t<meta property=\"og:image:height\" content=\"898\" \/>\n\t<meta property=\"og:image:type\" content=\"image\/jpeg\" \/>\n<meta name=\"twitter:card\" content=\"summary_large_image\" \/>\n<meta name=\"twitter:label1\" content=\"Gesch\u00e4tzte Lesezeit\" \/>\n\t<meta name=\"twitter:data1\" content=\"3\u00a0Minuten\" \/>\n<script type=\"application\/ld+json\" class=\"yoast-schema-graph\">{\"@context\":\"https:\/\/schema.org\",\"@graph\":[{\"@type\":\"WebPage\",\"@id\":\"https:\/\/htc-ps.com\/de\/producten\/speedgates-de\/xentry-on-site\/\",\"url\":\"https:\/\/htc-ps.com\/de\/producten\/speedgates-de\/xentry-on-site\/\",\"name\":\"Xentry on Site - HTC\",\"isPartOf\":{\"@id\":\"https:\/\/htc-ps.com\/de\/#website\"},\"primaryImageOfPage\":{\"@id\":\"https:\/\/htc-ps.com\/de\/producten\/speedgates-de\/xentry-on-site\/#primaryimage\"},\"image\":{\"@id\":\"https:\/\/htc-ps.com\/de\/producten\/speedgates-de\/xentry-on-site\/#primaryimage\"},\"thumbnailUrl\":\"https:\/\/htc-ps.com\/wp-content\/uploads\/2021\/10\/Xentry-on-site-productafbeelding.jpg\",\"datePublished\":\"2022-08-11T11:23:15+00:00\",\"dateModified\":\"2024-01-29T14:49:19+00:00\",\"breadcrumb\":{\"@id\":\"https:\/\/htc-ps.com\/de\/producten\/speedgates-de\/xentry-on-site\/#breadcrumb\"},\"inLanguage\":\"de\",\"potentialAction\":[{\"@type\":\"ReadAction\",\"target\":[\"https:\/\/htc-ps.com\/de\/producten\/speedgates-de\/xentry-on-site\/\"]}]},{\"@type\":\"ImageObject\",\"inLanguage\":\"de\",\"@id\":\"https:\/\/htc-ps.com\/de\/producten\/speedgates-de\/xentry-on-site\/#primaryimage\",\"url\":\"https:\/\/htc-ps.com\/wp-content\/uploads\/2021\/10\/Xentry-on-site-productafbeelding.jpg\",\"contentUrl\":\"https:\/\/htc-ps.com\/wp-content\/uploads\/2021\/10\/Xentry-on-site-productafbeelding.jpg\",\"width\":1200,\"height\":898,\"caption\":\"Xentry on site productafbeelding\"},{\"@type\":\"BreadcrumbList\",\"@id\":\"https:\/\/htc-ps.com\/de\/producten\/speedgates-de\/xentry-on-site\/#breadcrumb\",\"itemListElement\":[{\"@type\":\"ListItem\",\"position\":1,\"name\":\"Home\",\"item\":\"https:\/\/htc-ps.com\/de\/\"},{\"@type\":\"ListItem\",\"position\":2,\"name\":\"Produkten\",\"item\":\"https:\/\/htc-ps.com\/de\/?page_id=44\"},{\"@type\":\"ListItem\",\"position\":3,\"name\":\"Xentry on Site\"}]},{\"@type\":\"WebSite\",\"@id\":\"https:\/\/htc-ps.com\/de\/#website\",\"url\":\"https:\/\/htc-ps.com\/de\/\",\"name\":\"HTC\",\"description\":\"parking en security\",\"potentialAction\":[{\"@type\":\"SearchAction\",\"target\":{\"@type\":\"EntryPoint\",\"urlTemplate\":\"https:\/\/htc-ps.com\/de\/?s={search_term_string}\"},\"query-input\":{\"@type\":\"PropertyValueSpecification\",\"valueRequired\":true,\"valueName\":\"search_term_string\"}}],\"inLanguage\":\"de\"}]}<\/script>\n<!-- \/ Yoast SEO plugin. -->","yoast_head_json":{"title":"Xentry on Site - HTC","robots":{"index":"index","follow":"follow","max-snippet":"max-snippet:-1","max-image-preview":"max-image-preview:large","max-video-preview":"max-video-preview:-1"},"canonical":"https:\/\/htc-ps.com\/de\/producten\/speedgates-de\/xentry-on-site\/","og_locale":"de_DE","og_type":"article","og_title":"Xentry on Site - HTC","og_description":"Baustellen sind Sammelstellen, auf denen sich wertvolle Ger\u00e4te, Materialien und Menschen befinden. Eine Schranke oder ein Tor, das von Hand ge\u00f6ffnet und geschlossen wird, ist nicht mehr ausreichend und arbeitsintensiv in der Anwendung. Ein mobiles Speedgate bietet eine L\u00f6sung, die Sicherheit und Automatisierung kombiniert. 24 Stunden am Tag.","og_url":"https:\/\/htc-ps.com\/de\/producten\/speedgates-de\/xentry-on-site\/","og_site_name":"HTC","article_modified_time":"2024-01-29T14:49:19+00:00","og_image":[{"width":1200,"height":898,"url":"https:\/\/htc-ps.com\/wp-content\/uploads\/2021\/10\/Xentry-on-site-productafbeelding.jpg","type":"image\/jpeg"}],"twitter_card":"summary_large_image","twitter_misc":{"Gesch\u00e4tzte Lesezeit":"3\u00a0Minuten"},"schema":{"@context":"https:\/\/schema.org","@graph":[{"@type":"WebPage","@id":"https:\/\/htc-ps.com\/de\/producten\/speedgates-de\/xentry-on-site\/","url":"https:\/\/htc-ps.com\/de\/producten\/speedgates-de\/xentry-on-site\/","name":"Xentry on Site - HTC","isPartOf":{"@id":"https:\/\/htc-ps.com\/de\/#website"},"primaryImageOfPage":{"@id":"https:\/\/htc-ps.com\/de\/producten\/speedgates-de\/xentry-on-site\/#primaryimage"},"image":{"@id":"https:\/\/htc-ps.com\/de\/producten\/speedgates-de\/xentry-on-site\/#primaryimage"},"thumbnailUrl":"https:\/\/htc-ps.com\/wp-content\/uploads\/2021\/10\/Xentry-on-site-productafbeelding.jpg","datePublished":"2022-08-11T11:23:15+00:00","dateModified":"2024-01-29T14:49:19+00:00","breadcrumb":{"@id":"https:\/\/htc-ps.com\/de\/producten\/speedgates-de\/xentry-on-site\/#breadcrumb"},"inLanguage":"de","potentialAction":[{"@type":"ReadAction","target":["https:\/\/htc-ps.com\/de\/producten\/speedgates-de\/xentry-on-site\/"]}]},{"@type":"ImageObject","inLanguage":"de","@id":"https:\/\/htc-ps.com\/de\/producten\/speedgates-de\/xentry-on-site\/#primaryimage","url":"https:\/\/htc-ps.com\/wp-content\/uploads\/2021\/10\/Xentry-on-site-productafbeelding.jpg","contentUrl":"https:\/\/htc-ps.com\/wp-content\/uploads\/2021\/10\/Xentry-on-site-productafbeelding.jpg","width":1200,"height":898,"caption":"Xentry on site productafbeelding"},{"@type":"BreadcrumbList","@id":"https:\/\/htc-ps.com\/de\/producten\/speedgates-de\/xentry-on-site\/#breadcrumb","itemListElement":[{"@type":"ListItem","position":1,"name":"Home","item":"https:\/\/htc-ps.com\/de\/"},{"@type":"ListItem","position":2,"name":"Produkten","item":"https:\/\/htc-ps.com\/de\/?page_id=44"},{"@type":"ListItem","position":3,"name":"Xentry on Site"}]},{"@type":"WebSite","@id":"https:\/\/htc-ps.com\/de\/#website","url":"https:\/\/htc-ps.com\/de\/","name":"HTC","description":"parking en security","potentialAction":[{"@type":"SearchAction","target":{"@type":"EntryPoint","urlTemplate":"https:\/\/htc-ps.com\/de\/?s={search_term_string}"},"query-input":{"@type":"PropertyValueSpecification","valueRequired":true,"valueName":"search_term_string"}}],"inLanguage":"de"}]}},"_links":{"self":[{"href":"https:\/\/htc-ps.com\/de\/wp-json\/wp\/v2\/product\/9178","targetHints":{"allow":["GET"]}}],"collection":[{"href":"https:\/\/htc-ps.com\/de\/wp-json\/wp\/v2\/product"}],"about":[{"href":"https:\/\/htc-ps.com\/de\/wp-json\/wp\/v2\/types\/product"}],"wp:featuredmedia":[{"embeddable":true,"href":"https:\/\/htc-ps.com\/de\/wp-json\/wp\/v2\/media\/5674"}],"wp:attachment":[{"href":"https:\/\/htc-ps.com\/de\/wp-json\/wp\/v2\/media?parent=9178"}],"wp:term":[{"taxonomy":"product_brand","embeddable":true,"href":"https:\/\/htc-ps.com\/de\/wp-json\/wp\/v2\/product_brand?post=9178"},{"taxonomy":"product_cat","embeddable":true,"href":"https:\/\/htc-ps.com\/de\/wp-json\/wp\/v2\/product_cat?post=9178"},{"taxonomy":"product_tag","embeddable":true,"href":"https:\/\/htc-ps.com\/de\/wp-json\/wp\/v2\/product_tag?post=9178"}],"curies":[{"name":"wp","href":"https:\/\/api.w.org\/{rel}","templated":true}]}}