{"id":7936,"date":"2021-08-10T10:43:04","date_gmt":"2021-08-10T08:43:04","guid":{"rendered":"https:\/\/comhtc-golovinka.savviihq.com\/product\/high-security\/"},"modified":"2024-01-23T12:34:11","modified_gmt":"2024-01-23T11:34:11","slug":"high-security","status":"publish","type":"product","link":"https:\/\/htc-ps.com\/de\/producten\/speedgates-de\/high-security\/","title":{"rendered":"Hochsicherheit"},"content":{"rendered":"<p><strong>Sicherheit<\/strong> \u2013 Die Speedgates sind vollst\u00e4ndig RC2, RC3, RC4 und RC5 zertifiziert gem\u00e4\u00df der neuen Norm EN 1627:2011 (Sicherheitskategorie RC) und der bestehenden EN5096:2012+A1:2015. Zu diesem Zweck werden sie einem statischen Test (Fs) und einem manuellen Test (mit verschiedenen Arten von Werkzeugen) unterzogen. (siehe Tabelle)<\/p>\n<p><strong> \u00dcberwachung<\/strong> \u2013 Die Speedgates k\u00f6nnen in Echtzeit Informationen \u00fcber den Status des Systems und einzelner Sensoren und Aktoren liefern. Die Gewissheit der Verf\u00fcgbarkeit ist ein wichtiger Beitrag zur Sicherheit.<\/p>\n<p><strong>Beschusshemmend<\/strong> \u2013 Speedgates k\u00f6nnen beschusshemmend nach DIN -EN-1522 geliefert werden (zertifiziert f\u00fcr FB6). Dies kann in Kombination mit der RC-Zertifizierung erfolgen.<\/p>\n","protected":false},"excerpt":{"rendered":"<p>Immer mehr Geb\u00e4ude m\u00fcssen aus verschiedenen Gr\u00fcnden gesichert werden. Im Xentry 3 HS werden hierf\u00fcr die (digitale) \u00dcberwachung und die physische Absicherung mit modernster Technik miteinander kombiniert.<\/p>\n","protected":false},"featured_media":8395,"template":"","meta":{"_acf_changed":false,"inline_featured_image":false},"product_brand":[],"product_cat":[80],"product_tag":[],"class_list":{"0":"post-7936","1":"product","2":"type-product","3":"status-publish","4":"has-post-thumbnail","6":"product_cat-speedgates-de","8":"first","9":"instock","10":"taxable","11":"shipping-taxable","12":"product-type-simple"},"acf":[],"yoast_head":"<!-- This site is optimized with the Yoast SEO plugin v26.0 - https:\/\/yoast.com\/wordpress\/plugins\/seo\/ -->\n<title>Hochsicherheit - HTC<\/title>\n<meta name=\"description\" content=\"Steeds meer gebouwen moeten om uiteenlopende redenen beveiligd worden. In de Xentry 3 High Security is daarvoor zowel (digitale) bewaking..\" \/>\n<meta name=\"robots\" content=\"index, follow, max-snippet:-1, max-image-preview:large, max-video-preview:-1\" \/>\n<link rel=\"canonical\" href=\"https:\/\/htc-ps.com\/de\/producten\/speedgates-de\/high-security\/\" \/>\n<meta property=\"og:locale\" content=\"de_DE\" \/>\n<meta property=\"og:type\" content=\"article\" \/>\n<meta property=\"og:title\" content=\"Hochsicherheit - HTC\" \/>\n<meta property=\"og:description\" content=\"Steeds meer gebouwen moeten om uiteenlopende redenen beveiligd worden. In de Xentry 3 High Security is daarvoor zowel (digitale) bewaking..\" \/>\n<meta property=\"og:url\" content=\"https:\/\/htc-ps.com\/de\/producten\/speedgates-de\/high-security\/\" \/>\n<meta property=\"og:site_name\" content=\"HTC\" \/>\n<meta property=\"article:modified_time\" content=\"2024-01-23T11:34:11+00:00\" \/>\n<meta property=\"og:image\" content=\"https:\/\/htc-ps.com\/wp-content\/uploads\/2021\/08\/001.png\" \/>\n\t<meta property=\"og:image:width\" content=\"1200\" \/>\n\t<meta property=\"og:image:height\" content=\"1200\" \/>\n\t<meta property=\"og:image:type\" content=\"image\/png\" \/>\n<meta name=\"twitter:card\" content=\"summary_large_image\" \/>\n<meta name=\"twitter:label1\" content=\"Gesch\u00e4tzte Lesezeit\" \/>\n\t<meta name=\"twitter:data1\" content=\"1\u00a0Minute\" \/>\n<script type=\"application\/ld+json\" class=\"yoast-schema-graph\">{\"@context\":\"https:\/\/schema.org\",\"@graph\":[{\"@type\":\"WebPage\",\"@id\":\"https:\/\/htc-ps.com\/de\/producten\/speedgates-de\/high-security\/\",\"url\":\"https:\/\/htc-ps.com\/de\/producten\/speedgates-de\/high-security\/\",\"name\":\"Hochsicherheit - HTC\",\"isPartOf\":{\"@id\":\"https:\/\/htc-ps.com\/de\/#website\"},\"primaryImageOfPage\":{\"@id\":\"https:\/\/htc-ps.com\/de\/producten\/speedgates-de\/high-security\/#primaryimage\"},\"image\":{\"@id\":\"https:\/\/htc-ps.com\/de\/producten\/speedgates-de\/high-security\/#primaryimage\"},\"thumbnailUrl\":\"https:\/\/htc-ps.com\/wp-content\/uploads\/2021\/08\/001.png\",\"datePublished\":\"2021-08-10T08:43:04+00:00\",\"dateModified\":\"2024-01-23T11:34:11+00:00\",\"description\":\"Steeds meer gebouwen moeten om uiteenlopende redenen beveiligd worden. In de Xentry 3 High Security is daarvoor zowel (digitale) bewaking..\",\"breadcrumb\":{\"@id\":\"https:\/\/htc-ps.com\/de\/producten\/speedgates-de\/high-security\/#breadcrumb\"},\"inLanguage\":\"de\",\"potentialAction\":[{\"@type\":\"ReadAction\",\"target\":[\"https:\/\/htc-ps.com\/de\/producten\/speedgates-de\/high-security\/\"]}]},{\"@type\":\"ImageObject\",\"inLanguage\":\"de\",\"@id\":\"https:\/\/htc-ps.com\/de\/producten\/speedgates-de\/high-security\/#primaryimage\",\"url\":\"https:\/\/htc-ps.com\/wp-content\/uploads\/2021\/08\/001.png\",\"contentUrl\":\"https:\/\/htc-ps.com\/wp-content\/uploads\/2021\/08\/001.png\",\"width\":1200,\"height\":1200},{\"@type\":\"BreadcrumbList\",\"@id\":\"https:\/\/htc-ps.com\/de\/producten\/speedgates-de\/high-security\/#breadcrumb\",\"itemListElement\":[{\"@type\":\"ListItem\",\"position\":1,\"name\":\"Home\",\"item\":\"https:\/\/htc-ps.com\/de\/\"},{\"@type\":\"ListItem\",\"position\":2,\"name\":\"Produkten\",\"item\":\"https:\/\/htc-ps.com\/de\/?page_id=44\"},{\"@type\":\"ListItem\",\"position\":3,\"name\":\"Hochsicherheit\"}]},{\"@type\":\"WebSite\",\"@id\":\"https:\/\/htc-ps.com\/de\/#website\",\"url\":\"https:\/\/htc-ps.com\/de\/\",\"name\":\"HTC\",\"description\":\"parking en security\",\"potentialAction\":[{\"@type\":\"SearchAction\",\"target\":{\"@type\":\"EntryPoint\",\"urlTemplate\":\"https:\/\/htc-ps.com\/de\/?s={search_term_string}\"},\"query-input\":{\"@type\":\"PropertyValueSpecification\",\"valueRequired\":true,\"valueName\":\"search_term_string\"}}],\"inLanguage\":\"de\"}]}<\/script>\n<!-- \/ Yoast SEO plugin. -->","yoast_head_json":{"title":"Hochsicherheit - HTC","description":"Steeds meer gebouwen moeten om uiteenlopende redenen beveiligd worden. In de Xentry 3 High Security is daarvoor zowel (digitale) bewaking..","robots":{"index":"index","follow":"follow","max-snippet":"max-snippet:-1","max-image-preview":"max-image-preview:large","max-video-preview":"max-video-preview:-1"},"canonical":"https:\/\/htc-ps.com\/de\/producten\/speedgates-de\/high-security\/","og_locale":"de_DE","og_type":"article","og_title":"Hochsicherheit - HTC","og_description":"Steeds meer gebouwen moeten om uiteenlopende redenen beveiligd worden. In de Xentry 3 High Security is daarvoor zowel (digitale) bewaking..","og_url":"https:\/\/htc-ps.com\/de\/producten\/speedgates-de\/high-security\/","og_site_name":"HTC","article_modified_time":"2024-01-23T11:34:11+00:00","og_image":[{"width":1200,"height":1200,"url":"https:\/\/htc-ps.com\/wp-content\/uploads\/2021\/08\/001.png","type":"image\/png"}],"twitter_card":"summary_large_image","twitter_misc":{"Gesch\u00e4tzte Lesezeit":"1\u00a0Minute"},"schema":{"@context":"https:\/\/schema.org","@graph":[{"@type":"WebPage","@id":"https:\/\/htc-ps.com\/de\/producten\/speedgates-de\/high-security\/","url":"https:\/\/htc-ps.com\/de\/producten\/speedgates-de\/high-security\/","name":"Hochsicherheit - HTC","isPartOf":{"@id":"https:\/\/htc-ps.com\/de\/#website"},"primaryImageOfPage":{"@id":"https:\/\/htc-ps.com\/de\/producten\/speedgates-de\/high-security\/#primaryimage"},"image":{"@id":"https:\/\/htc-ps.com\/de\/producten\/speedgates-de\/high-security\/#primaryimage"},"thumbnailUrl":"https:\/\/htc-ps.com\/wp-content\/uploads\/2021\/08\/001.png","datePublished":"2021-08-10T08:43:04+00:00","dateModified":"2024-01-23T11:34:11+00:00","description":"Steeds meer gebouwen moeten om uiteenlopende redenen beveiligd worden. In de Xentry 3 High Security is daarvoor zowel (digitale) bewaking..","breadcrumb":{"@id":"https:\/\/htc-ps.com\/de\/producten\/speedgates-de\/high-security\/#breadcrumb"},"inLanguage":"de","potentialAction":[{"@type":"ReadAction","target":["https:\/\/htc-ps.com\/de\/producten\/speedgates-de\/high-security\/"]}]},{"@type":"ImageObject","inLanguage":"de","@id":"https:\/\/htc-ps.com\/de\/producten\/speedgates-de\/high-security\/#primaryimage","url":"https:\/\/htc-ps.com\/wp-content\/uploads\/2021\/08\/001.png","contentUrl":"https:\/\/htc-ps.com\/wp-content\/uploads\/2021\/08\/001.png","width":1200,"height":1200},{"@type":"BreadcrumbList","@id":"https:\/\/htc-ps.com\/de\/producten\/speedgates-de\/high-security\/#breadcrumb","itemListElement":[{"@type":"ListItem","position":1,"name":"Home","item":"https:\/\/htc-ps.com\/de\/"},{"@type":"ListItem","position":2,"name":"Produkten","item":"https:\/\/htc-ps.com\/de\/?page_id=44"},{"@type":"ListItem","position":3,"name":"Hochsicherheit"}]},{"@type":"WebSite","@id":"https:\/\/htc-ps.com\/de\/#website","url":"https:\/\/htc-ps.com\/de\/","name":"HTC","description":"parking en security","potentialAction":[{"@type":"SearchAction","target":{"@type":"EntryPoint","urlTemplate":"https:\/\/htc-ps.com\/de\/?s={search_term_string}"},"query-input":{"@type":"PropertyValueSpecification","valueRequired":true,"valueName":"search_term_string"}}],"inLanguage":"de"}]}},"_links":{"self":[{"href":"https:\/\/htc-ps.com\/de\/wp-json\/wp\/v2\/product\/7936","targetHints":{"allow":["GET"]}}],"collection":[{"href":"https:\/\/htc-ps.com\/de\/wp-json\/wp\/v2\/product"}],"about":[{"href":"https:\/\/htc-ps.com\/de\/wp-json\/wp\/v2\/types\/product"}],"wp:featuredmedia":[{"embeddable":true,"href":"https:\/\/htc-ps.com\/de\/wp-json\/wp\/v2\/media\/8395"}],"wp:attachment":[{"href":"https:\/\/htc-ps.com\/de\/wp-json\/wp\/v2\/media?parent=7936"}],"wp:term":[{"taxonomy":"product_brand","embeddable":true,"href":"https:\/\/htc-ps.com\/de\/wp-json\/wp\/v2\/product_brand?post=7936"},{"taxonomy":"product_cat","embeddable":true,"href":"https:\/\/htc-ps.com\/de\/wp-json\/wp\/v2\/product_cat?post=7936"},{"taxonomy":"product_tag","embeddable":true,"href":"https:\/\/htc-ps.com\/de\/wp-json\/wp\/v2\/product_tag?post=7936"}],"curies":[{"name":"wp","href":"https:\/\/api.w.org\/{rel}","templated":true}]}}