{"id":7920,"date":"2021-08-05T09:38:52","date_gmt":"2021-08-05T07:38:52","guid":{"rendered":"https:\/\/comhtc-golovinka.savviihq.com\/product\/xentry-3\/"},"modified":"2022-10-26T11:01:04","modified_gmt":"2022-10-26T09:01:04","slug":"xentry-3","status":"publish","type":"product","link":"https:\/\/htc-ps.com\/de\/producten\/speedgates-de\/xentry-3\/","title":{"rendered":"XENTRY 3"},"content":{"rendered":"<p>Dieses Speedgate hat einen robusten Oberantrieb mit 1 Motor und eine F\u00fchrung in der Antriebseinheit. Es besteht die M\u00f6glichkeit, dieses Speedgate RC4, RC5 und FB6 zertifiziert nach EN 1627:2011, NEN 5096:2012 + A1:2015 und DIN EN 1522 zu liefern. Das Xentry 3 \u00f6ffnet sich mit ca. 1,2 Metern pro Sekunde und ist T\u00dcV-zertifiziert.<\/p>\n<h3>Vorteile des Xentry 3:<\/h3>\n<p><img decoding=\"async\" src=\"https:\/\/htc-ps.com\/wp-content\/uploads\/2021\/10\/6.Stopwatchwit.png\" width=\"75\" \/>ca. 1,2 m\/sec (10x schneller als andere Arten von Toren)<br \/>\n<img decoding=\"async\" src=\"https:\/\/htc-ps.com\/wp-content\/uploads\/2021\/10\/8.Politiekeurmerkwit.png\" width=\"75\" \/>sicher, durch \u00d6ffnen und Schlie\u00dfen bei jedem Durchgang verhindert es das Mitfahren oder Mitlaufen<br \/>\n<img decoding=\"async\" src=\"https:\/\/htc-ps.com\/wp-content\/uploads\/2021\/10\/4.Bordwit.png\" width=\"75\" \/>zuverl\u00e4ssig, dank A-Qualit\u00e4tskomponenten und vorausschauender Wartung (Xense)<br \/>\n<img decoding=\"async\" src=\"https:\/\/htc-ps.com\/wp-content\/uploads\/2021\/10\/2.Grafiekrwit.png\" width=\"75\" \/> hohe Nutzungsfrequenz, mehr als 1000 Bewegungen pro Tag<br \/>\n<img decoding=\"async\" src=\"https:\/\/htc-ps.com\/wp-content\/uploads\/2021\/10\/9.Veiligheidwit.png\" width=\"75\" \/>sicher, T\u00dcV-zertifiziert nach EN13241-1. Sicherheitsfunktionen, die an die jeweilige Situation angepasst werden k\u00f6nnen<br \/>\n<img decoding=\"async\" src=\"https:\/\/htc-ps.com\/wp-content\/uploads\/2021\/10\/3.Geldzakwit.png\" width=\"75\" \/>Gesamtbetriebskosten (Anschaffung + Nutzung) die effektivste Wahl auf dem Markt<br \/>\n<img decoding=\"async\" src=\"https:\/\/htc-ps.com\/wp-content\/uploads\/2021\/10\/5.Duimwit.png\" width=\"75\" \/>HTC hat weltweit mehr als 3500 Speedgates an zufriedene Kunden geliefert.<\/p>\n","protected":false},"excerpt":{"rendered":"<p>Diese Speedgate verf\u00fcgt \u00fcber einen robusten Antrieb mit einen Motor, eingebaut in das Getriebe. Auch die F\u00fchrung ist hierin integriert. Es gibt die M\u00f6glichkeit diesen Fallttor Einbruchs- und Kugelhemmend RC4, RC5 und FB6 zertifiziert aus zu f\u00fchren nach EN 1627:2011 und DIN EN 1522. Der Xentry 3 \u00f6ffnet sich mit ca. 1,2 Meter pro Sekunde und ist vom T\u00dcV zertifiziert.<\/p>\n","protected":false},"featured_media":7862,"template":"","meta":{"_acf_changed":false,"inline_featured_image":false},"product_brand":[],"product_cat":[80],"product_tag":[],"class_list":{"0":"post-7920","1":"product","2":"type-product","3":"status-publish","4":"has-post-thumbnail","6":"product_cat-speedgates-de","8":"first","9":"instock","10":"taxable","11":"shipping-taxable","12":"product-type-simple"},"acf":[],"yoast_head":"<!-- This site is optimized with the Yoast SEO plugin v26.0 - https:\/\/yoast.com\/wordpress\/plugins\/seo\/ -->\n<title>Speedgate XENTRY 3 | HTC<\/title>\n<meta name=\"robots\" content=\"index, follow, max-snippet:-1, max-image-preview:large, max-video-preview:-1\" \/>\n<link rel=\"canonical\" href=\"https:\/\/htc-ps.com\/de\/producten\/speedgates-de\/xentry-3\/\" \/>\n<meta property=\"og:locale\" content=\"de_DE\" \/>\n<meta property=\"og:type\" content=\"article\" \/>\n<meta property=\"og:title\" content=\"Speedgate XENTRY 3 | HTC\" \/>\n<meta property=\"og:description\" content=\"Diese Speedgate verf\u00fcgt \u00fcber einen robusten Antrieb mit einen Motor, eingebaut in das Getriebe. Auch die F\u00fchrung ist hierin integriert. Es gibt die M\u00f6glichkeit diesen Fallttor Einbruchs- und Kugelhemmend RC4, RC5 und FB6 zertifiziert aus zu f\u00fchren nach EN 1627:2011 und DIN EN 1522. Der Xentry 3 \u00f6ffnet sich mit ca. 1,2 Meter pro Sekunde und ist vom T\u00dcV zertifiziert.\" \/>\n<meta property=\"og:url\" content=\"https:\/\/htc-ps.com\/de\/producten\/speedgates-de\/xentry-3\/\" \/>\n<meta property=\"og:site_name\" content=\"HTC\" \/>\n<meta property=\"article:modified_time\" content=\"2022-10-26T09:01:04+00:00\" \/>\n<meta property=\"og:image\" content=\"https:\/\/htc-ps.com\/wp-content\/uploads\/2021\/08\/afbeeldingen-Xentry-x3_Pagina_02.png\" \/>\n\t<meta property=\"og:image:width\" content=\"750\" \/>\n\t<meta property=\"og:image:height\" content=\"750\" \/>\n\t<meta property=\"og:image:type\" content=\"image\/png\" \/>\n<meta name=\"twitter:card\" content=\"summary_large_image\" \/>\n<meta name=\"twitter:label1\" content=\"Gesch\u00e4tzte Lesezeit\" \/>\n\t<meta name=\"twitter:data1\" content=\"3\u00a0Minuten\" \/>\n<script type=\"application\/ld+json\" class=\"yoast-schema-graph\">{\"@context\":\"https:\/\/schema.org\",\"@graph\":[{\"@type\":\"WebPage\",\"@id\":\"https:\/\/htc-ps.com\/de\/producten\/speedgates-de\/xentry-3\/\",\"url\":\"https:\/\/htc-ps.com\/de\/producten\/speedgates-de\/xentry-3\/\",\"name\":\"Speedgate XENTRY 3 | HTC\",\"isPartOf\":{\"@id\":\"https:\/\/htc-ps.com\/de\/#website\"},\"primaryImageOfPage\":{\"@id\":\"https:\/\/htc-ps.com\/de\/producten\/speedgates-de\/xentry-3\/#primaryimage\"},\"image\":{\"@id\":\"https:\/\/htc-ps.com\/de\/producten\/speedgates-de\/xentry-3\/#primaryimage\"},\"thumbnailUrl\":\"https:\/\/htc-ps.com\/wp-content\/uploads\/2021\/08\/afbeeldingen-Xentry-x3_Pagina_02.png\",\"datePublished\":\"2021-08-05T07:38:52+00:00\",\"dateModified\":\"2022-10-26T09:01:04+00:00\",\"breadcrumb\":{\"@id\":\"https:\/\/htc-ps.com\/de\/producten\/speedgates-de\/xentry-3\/#breadcrumb\"},\"inLanguage\":\"de\",\"potentialAction\":[{\"@type\":\"ReadAction\",\"target\":[\"https:\/\/htc-ps.com\/de\/producten\/speedgates-de\/xentry-3\/\"]}]},{\"@type\":\"ImageObject\",\"inLanguage\":\"de\",\"@id\":\"https:\/\/htc-ps.com\/de\/producten\/speedgates-de\/xentry-3\/#primaryimage\",\"url\":\"https:\/\/htc-ps.com\/wp-content\/uploads\/2021\/08\/afbeeldingen-Xentry-x3_Pagina_02.png\",\"contentUrl\":\"https:\/\/htc-ps.com\/wp-content\/uploads\/2021\/08\/afbeeldingen-Xentry-x3_Pagina_02.png\",\"width\":750,\"height\":750,\"caption\":\"Speedgate Xentry 3 productafbeelding\"},{\"@type\":\"BreadcrumbList\",\"@id\":\"https:\/\/htc-ps.com\/de\/producten\/speedgates-de\/xentry-3\/#breadcrumb\",\"itemListElement\":[{\"@type\":\"ListItem\",\"position\":1,\"name\":\"Home\",\"item\":\"https:\/\/htc-ps.com\/de\/\"},{\"@type\":\"ListItem\",\"position\":2,\"name\":\"Produkten\",\"item\":\"https:\/\/htc-ps.com\/de\/?page_id=44\"},{\"@type\":\"ListItem\",\"position\":3,\"name\":\"XENTRY 3\"}]},{\"@type\":\"WebSite\",\"@id\":\"https:\/\/htc-ps.com\/de\/#website\",\"url\":\"https:\/\/htc-ps.com\/de\/\",\"name\":\"HTC\",\"description\":\"parking en security\",\"potentialAction\":[{\"@type\":\"SearchAction\",\"target\":{\"@type\":\"EntryPoint\",\"urlTemplate\":\"https:\/\/htc-ps.com\/de\/?s={search_term_string}\"},\"query-input\":{\"@type\":\"PropertyValueSpecification\",\"valueRequired\":true,\"valueName\":\"search_term_string\"}}],\"inLanguage\":\"de\"}]}<\/script>\n<!-- \/ Yoast SEO plugin. -->","yoast_head_json":{"title":"Speedgate XENTRY 3 | HTC","robots":{"index":"index","follow":"follow","max-snippet":"max-snippet:-1","max-image-preview":"max-image-preview:large","max-video-preview":"max-video-preview:-1"},"canonical":"https:\/\/htc-ps.com\/de\/producten\/speedgates-de\/xentry-3\/","og_locale":"de_DE","og_type":"article","og_title":"Speedgate XENTRY 3 | HTC","og_description":"Diese Speedgate verf\u00fcgt \u00fcber einen robusten Antrieb mit einen Motor, eingebaut in das Getriebe. Auch die F\u00fchrung ist hierin integriert. Es gibt die M\u00f6glichkeit diesen Fallttor Einbruchs- und Kugelhemmend RC4, RC5 und FB6 zertifiziert aus zu f\u00fchren nach EN 1627:2011 und DIN EN 1522. Der Xentry 3 \u00f6ffnet sich mit ca. 1,2 Meter pro Sekunde und ist vom T\u00dcV zertifiziert.","og_url":"https:\/\/htc-ps.com\/de\/producten\/speedgates-de\/xentry-3\/","og_site_name":"HTC","article_modified_time":"2022-10-26T09:01:04+00:00","og_image":[{"width":750,"height":750,"url":"https:\/\/htc-ps.com\/wp-content\/uploads\/2021\/08\/afbeeldingen-Xentry-x3_Pagina_02.png","type":"image\/png"}],"twitter_card":"summary_large_image","twitter_misc":{"Gesch\u00e4tzte Lesezeit":"3\u00a0Minuten"},"schema":{"@context":"https:\/\/schema.org","@graph":[{"@type":"WebPage","@id":"https:\/\/htc-ps.com\/de\/producten\/speedgates-de\/xentry-3\/","url":"https:\/\/htc-ps.com\/de\/producten\/speedgates-de\/xentry-3\/","name":"Speedgate XENTRY 3 | HTC","isPartOf":{"@id":"https:\/\/htc-ps.com\/de\/#website"},"primaryImageOfPage":{"@id":"https:\/\/htc-ps.com\/de\/producten\/speedgates-de\/xentry-3\/#primaryimage"},"image":{"@id":"https:\/\/htc-ps.com\/de\/producten\/speedgates-de\/xentry-3\/#primaryimage"},"thumbnailUrl":"https:\/\/htc-ps.com\/wp-content\/uploads\/2021\/08\/afbeeldingen-Xentry-x3_Pagina_02.png","datePublished":"2021-08-05T07:38:52+00:00","dateModified":"2022-10-26T09:01:04+00:00","breadcrumb":{"@id":"https:\/\/htc-ps.com\/de\/producten\/speedgates-de\/xentry-3\/#breadcrumb"},"inLanguage":"de","potentialAction":[{"@type":"ReadAction","target":["https:\/\/htc-ps.com\/de\/producten\/speedgates-de\/xentry-3\/"]}]},{"@type":"ImageObject","inLanguage":"de","@id":"https:\/\/htc-ps.com\/de\/producten\/speedgates-de\/xentry-3\/#primaryimage","url":"https:\/\/htc-ps.com\/wp-content\/uploads\/2021\/08\/afbeeldingen-Xentry-x3_Pagina_02.png","contentUrl":"https:\/\/htc-ps.com\/wp-content\/uploads\/2021\/08\/afbeeldingen-Xentry-x3_Pagina_02.png","width":750,"height":750,"caption":"Speedgate Xentry 3 productafbeelding"},{"@type":"BreadcrumbList","@id":"https:\/\/htc-ps.com\/de\/producten\/speedgates-de\/xentry-3\/#breadcrumb","itemListElement":[{"@type":"ListItem","position":1,"name":"Home","item":"https:\/\/htc-ps.com\/de\/"},{"@type":"ListItem","position":2,"name":"Produkten","item":"https:\/\/htc-ps.com\/de\/?page_id=44"},{"@type":"ListItem","position":3,"name":"XENTRY 3"}]},{"@type":"WebSite","@id":"https:\/\/htc-ps.com\/de\/#website","url":"https:\/\/htc-ps.com\/de\/","name":"HTC","description":"parking en security","potentialAction":[{"@type":"SearchAction","target":{"@type":"EntryPoint","urlTemplate":"https:\/\/htc-ps.com\/de\/?s={search_term_string}"},"query-input":{"@type":"PropertyValueSpecification","valueRequired":true,"valueName":"search_term_string"}}],"inLanguage":"de"}]}},"_links":{"self":[{"href":"https:\/\/htc-ps.com\/de\/wp-json\/wp\/v2\/product\/7920","targetHints":{"allow":["GET"]}}],"collection":[{"href":"https:\/\/htc-ps.com\/de\/wp-json\/wp\/v2\/product"}],"about":[{"href":"https:\/\/htc-ps.com\/de\/wp-json\/wp\/v2\/types\/product"}],"wp:featuredmedia":[{"embeddable":true,"href":"https:\/\/htc-ps.com\/de\/wp-json\/wp\/v2\/media\/7862"}],"wp:attachment":[{"href":"https:\/\/htc-ps.com\/de\/wp-json\/wp\/v2\/media?parent=7920"}],"wp:term":[{"taxonomy":"product_brand","embeddable":true,"href":"https:\/\/htc-ps.com\/de\/wp-json\/wp\/v2\/product_brand?post=7920"},{"taxonomy":"product_cat","embeddable":true,"href":"https:\/\/htc-ps.com\/de\/wp-json\/wp\/v2\/product_cat?post=7920"},{"taxonomy":"product_tag","embeddable":true,"href":"https:\/\/htc-ps.com\/de\/wp-json\/wp\/v2\/product_tag?post=7920"}],"curies":[{"name":"wp","href":"https:\/\/api.w.org\/{rel}","templated":true}]}}