{"id":7686,"date":"2021-08-10T10:43:29","date_gmt":"2021-08-10T08:43:29","guid":{"rendered":"https:\/\/comhtc-golovinka.savviihq.com\/product\/checkpoint\/"},"modified":"2023-03-28T10:53:46","modified_gmt":"2023-03-28T08:53:46","slug":"checkpoint","status":"publish","type":"product","link":"https:\/\/htc-ps.com\/de\/producten\/speedgates-de\/checkpoint\/","title":{"rendered":"Checkpoint"},"content":{"rendered":"<p>Der Xentry Checkpoint basiert auf einem 20-Fu\u00df-Container, in den ein schienenloses Speedgate und eine Stachelbarriere eingebaut wurden. So wird eine Wand aus Betonbl\u00f6cken, Containern oder Hescos nahtlos geschlossen. Wenn er ge\u00f6ffnet ist, bietet der Checkpoint Zugang f\u00fcr alle Arten von Fahrzeugen.<\/p>\n<p>Der Xentry Checkpoint kann mit zus\u00e4tzlichen Sensoren ausgestattet werden, um die Identifizierung, Autorisierung und Kontrolle von Fahrzeugen, Personen und Waren zu unterst\u00fctzen. Auf diese Weise kann der Zugang f\u00fcr Fahrzeuge unbemannt erfolgen.<\/p>\n","protected":false},"excerpt":{"rendered":"<p>Xentry Checkpoint ist ein mobiles System zur Sicherung von Fahrzeugzug\u00e4ngen zu tempor\u00e4ren Standorten in einem h\u00f6heren Sicherheitsspektrum gegen Eindringlinge, Einblicke und Fl\u00e4chenbeschuss. Au\u00dferdem verf\u00fcgt er \u00fcber eine begrenzte Fahrzeugschutzkapazit\u00e4t. Das System wurde entwickelt, als die Armee nach L\u00f6sungen f\u00fcr die Probleme suchte, die ein Einsatz der niederl\u00e4ndischen Soldaten in der Zukunft mit sich bringt. Zus\u00e4tzlich zur physischen Sicherheit sollte Checkpoint mit Sensoren ausgestattet werden, um die Merkmale der vorbeifahrenden Fahrzeuge zu bestimmen und so den Zugangskontrollprozess zu automatisieren.<\/p>\n","protected":false},"featured_media":5671,"template":"","meta":{"_acf_changed":false,"inline_featured_image":false},"product_brand":[],"product_cat":[80],"product_tag":[],"class_list":{"0":"post-7686","1":"product","2":"type-product","3":"status-publish","4":"has-post-thumbnail","6":"product_cat-speedgates-de","8":"first","9":"instock","10":"taxable","11":"shipping-taxable","12":"product-type-simple"},"acf":[],"yoast_head":"<!-- This site is optimized with the Yoast SEO plugin v26.0 - https:\/\/yoast.com\/wordpress\/plugins\/seo\/ -->\n<title>Checkpoint | HTC<\/title>\n<meta name=\"description\" content=\"Xentry Checkpoint is een mobiel systeem om de voertuig toegang van tijdelijke locaties in een hoger geweld spectrum te kunnen beveiligen..\" \/>\n<meta name=\"robots\" content=\"index, follow, max-snippet:-1, max-image-preview:large, max-video-preview:-1\" \/>\n<link rel=\"canonical\" href=\"https:\/\/htc-ps.com\/de\/producten\/speedgates-de\/checkpoint\/\" \/>\n<meta property=\"og:locale\" content=\"de_DE\" \/>\n<meta property=\"og:type\" content=\"article\" \/>\n<meta property=\"og:title\" content=\"Checkpoint | HTC\" \/>\n<meta property=\"og:description\" content=\"Xentry Checkpoint is een mobiel systeem om de voertuig toegang van tijdelijke locaties in een hoger geweld spectrum te kunnen beveiligen..\" \/>\n<meta property=\"og:url\" content=\"https:\/\/htc-ps.com\/de\/producten\/speedgates-de\/checkpoint\/\" \/>\n<meta property=\"og:site_name\" content=\"HTC\" \/>\n<meta property=\"article:modified_time\" content=\"2023-03-28T08:53:46+00:00\" \/>\n<meta property=\"og:image\" content=\"https:\/\/htc-ps.com\/wp-content\/uploads\/2021\/08\/SOESTERBERG-Xentry-Checkpoint-engineering-jeep.jpg\" \/>\n\t<meta property=\"og:image:width\" content=\"1200\" \/>\n\t<meta property=\"og:image:height\" content=\"803\" \/>\n\t<meta property=\"og:image:type\" content=\"image\/jpeg\" \/>\n<meta name=\"twitter:card\" content=\"summary_large_image\" \/>\n<meta name=\"twitter:label1\" content=\"Gesch\u00e4tzte Lesezeit\" \/>\n\t<meta name=\"twitter:data1\" content=\"1\u00a0Minute\" \/>\n<script type=\"application\/ld+json\" class=\"yoast-schema-graph\">{\"@context\":\"https:\/\/schema.org\",\"@graph\":[{\"@type\":\"WebPage\",\"@id\":\"https:\/\/htc-ps.com\/de\/producten\/speedgates-de\/checkpoint\/\",\"url\":\"https:\/\/htc-ps.com\/de\/producten\/speedgates-de\/checkpoint\/\",\"name\":\"Checkpoint | HTC\",\"isPartOf\":{\"@id\":\"https:\/\/htc-ps.com\/de\/#website\"},\"primaryImageOfPage\":{\"@id\":\"https:\/\/htc-ps.com\/de\/producten\/speedgates-de\/checkpoint\/#primaryimage\"},\"image\":{\"@id\":\"https:\/\/htc-ps.com\/de\/producten\/speedgates-de\/checkpoint\/#primaryimage\"},\"thumbnailUrl\":\"https:\/\/htc-ps.com\/wp-content\/uploads\/2021\/08\/SOESTERBERG-Xentry-Checkpoint-engineering-jeep.jpg\",\"datePublished\":\"2021-08-10T08:43:29+00:00\",\"dateModified\":\"2023-03-28T08:53:46+00:00\",\"description\":\"Xentry Checkpoint is een mobiel systeem om de voertuig toegang van tijdelijke locaties in een hoger geweld spectrum te kunnen beveiligen..\",\"breadcrumb\":{\"@id\":\"https:\/\/htc-ps.com\/de\/producten\/speedgates-de\/checkpoint\/#breadcrumb\"},\"inLanguage\":\"de\",\"potentialAction\":[{\"@type\":\"ReadAction\",\"target\":[\"https:\/\/htc-ps.com\/de\/producten\/speedgates-de\/checkpoint\/\"]}]},{\"@type\":\"ImageObject\",\"inLanguage\":\"de\",\"@id\":\"https:\/\/htc-ps.com\/de\/producten\/speedgates-de\/checkpoint\/#primaryimage\",\"url\":\"https:\/\/htc-ps.com\/wp-content\/uploads\/2021\/08\/SOESTERBERG-Xentry-Checkpoint-engineering-jeep.jpg\",\"contentUrl\":\"https:\/\/htc-ps.com\/wp-content\/uploads\/2021\/08\/SOESTERBERG-Xentry-Checkpoint-engineering-jeep.jpg\",\"width\":1200,\"height\":803,\"caption\":\"SOESTERBERG Xentry Checkpoint engineering jeep\"},{\"@type\":\"BreadcrumbList\",\"@id\":\"https:\/\/htc-ps.com\/de\/producten\/speedgates-de\/checkpoint\/#breadcrumb\",\"itemListElement\":[{\"@type\":\"ListItem\",\"position\":1,\"name\":\"Home\",\"item\":\"https:\/\/htc-ps.com\/de\/\"},{\"@type\":\"ListItem\",\"position\":2,\"name\":\"Produkten\",\"item\":\"https:\/\/htc-ps.com\/de\/?page_id=44\"},{\"@type\":\"ListItem\",\"position\":3,\"name\":\"Checkpoint\"}]},{\"@type\":\"WebSite\",\"@id\":\"https:\/\/htc-ps.com\/de\/#website\",\"url\":\"https:\/\/htc-ps.com\/de\/\",\"name\":\"HTC\",\"description\":\"parking en security\",\"potentialAction\":[{\"@type\":\"SearchAction\",\"target\":{\"@type\":\"EntryPoint\",\"urlTemplate\":\"https:\/\/htc-ps.com\/de\/?s={search_term_string}\"},\"query-input\":{\"@type\":\"PropertyValueSpecification\",\"valueRequired\":true,\"valueName\":\"search_term_string\"}}],\"inLanguage\":\"de\"}]}<\/script>\n<!-- \/ Yoast SEO plugin. -->","yoast_head_json":{"title":"Checkpoint | HTC","description":"Xentry Checkpoint is een mobiel systeem om de voertuig toegang van tijdelijke locaties in een hoger geweld spectrum te kunnen beveiligen..","robots":{"index":"index","follow":"follow","max-snippet":"max-snippet:-1","max-image-preview":"max-image-preview:large","max-video-preview":"max-video-preview:-1"},"canonical":"https:\/\/htc-ps.com\/de\/producten\/speedgates-de\/checkpoint\/","og_locale":"de_DE","og_type":"article","og_title":"Checkpoint | HTC","og_description":"Xentry Checkpoint is een mobiel systeem om de voertuig toegang van tijdelijke locaties in een hoger geweld spectrum te kunnen beveiligen..","og_url":"https:\/\/htc-ps.com\/de\/producten\/speedgates-de\/checkpoint\/","og_site_name":"HTC","article_modified_time":"2023-03-28T08:53:46+00:00","og_image":[{"width":1200,"height":803,"url":"https:\/\/htc-ps.com\/wp-content\/uploads\/2021\/08\/SOESTERBERG-Xentry-Checkpoint-engineering-jeep.jpg","type":"image\/jpeg"}],"twitter_card":"summary_large_image","twitter_misc":{"Gesch\u00e4tzte Lesezeit":"1\u00a0Minute"},"schema":{"@context":"https:\/\/schema.org","@graph":[{"@type":"WebPage","@id":"https:\/\/htc-ps.com\/de\/producten\/speedgates-de\/checkpoint\/","url":"https:\/\/htc-ps.com\/de\/producten\/speedgates-de\/checkpoint\/","name":"Checkpoint | HTC","isPartOf":{"@id":"https:\/\/htc-ps.com\/de\/#website"},"primaryImageOfPage":{"@id":"https:\/\/htc-ps.com\/de\/producten\/speedgates-de\/checkpoint\/#primaryimage"},"image":{"@id":"https:\/\/htc-ps.com\/de\/producten\/speedgates-de\/checkpoint\/#primaryimage"},"thumbnailUrl":"https:\/\/htc-ps.com\/wp-content\/uploads\/2021\/08\/SOESTERBERG-Xentry-Checkpoint-engineering-jeep.jpg","datePublished":"2021-08-10T08:43:29+00:00","dateModified":"2023-03-28T08:53:46+00:00","description":"Xentry Checkpoint is een mobiel systeem om de voertuig toegang van tijdelijke locaties in een hoger geweld spectrum te kunnen beveiligen..","breadcrumb":{"@id":"https:\/\/htc-ps.com\/de\/producten\/speedgates-de\/checkpoint\/#breadcrumb"},"inLanguage":"de","potentialAction":[{"@type":"ReadAction","target":["https:\/\/htc-ps.com\/de\/producten\/speedgates-de\/checkpoint\/"]}]},{"@type":"ImageObject","inLanguage":"de","@id":"https:\/\/htc-ps.com\/de\/producten\/speedgates-de\/checkpoint\/#primaryimage","url":"https:\/\/htc-ps.com\/wp-content\/uploads\/2021\/08\/SOESTERBERG-Xentry-Checkpoint-engineering-jeep.jpg","contentUrl":"https:\/\/htc-ps.com\/wp-content\/uploads\/2021\/08\/SOESTERBERG-Xentry-Checkpoint-engineering-jeep.jpg","width":1200,"height":803,"caption":"SOESTERBERG Xentry Checkpoint engineering jeep"},{"@type":"BreadcrumbList","@id":"https:\/\/htc-ps.com\/de\/producten\/speedgates-de\/checkpoint\/#breadcrumb","itemListElement":[{"@type":"ListItem","position":1,"name":"Home","item":"https:\/\/htc-ps.com\/de\/"},{"@type":"ListItem","position":2,"name":"Produkten","item":"https:\/\/htc-ps.com\/de\/?page_id=44"},{"@type":"ListItem","position":3,"name":"Checkpoint"}]},{"@type":"WebSite","@id":"https:\/\/htc-ps.com\/de\/#website","url":"https:\/\/htc-ps.com\/de\/","name":"HTC","description":"parking en security","potentialAction":[{"@type":"SearchAction","target":{"@type":"EntryPoint","urlTemplate":"https:\/\/htc-ps.com\/de\/?s={search_term_string}"},"query-input":{"@type":"PropertyValueSpecification","valueRequired":true,"valueName":"search_term_string"}}],"inLanguage":"de"}]}},"_links":{"self":[{"href":"https:\/\/htc-ps.com\/de\/wp-json\/wp\/v2\/product\/7686","targetHints":{"allow":["GET"]}}],"collection":[{"href":"https:\/\/htc-ps.com\/de\/wp-json\/wp\/v2\/product"}],"about":[{"href":"https:\/\/htc-ps.com\/de\/wp-json\/wp\/v2\/types\/product"}],"wp:featuredmedia":[{"embeddable":true,"href":"https:\/\/htc-ps.com\/de\/wp-json\/wp\/v2\/media\/5671"}],"wp:attachment":[{"href":"https:\/\/htc-ps.com\/de\/wp-json\/wp\/v2\/media?parent=7686"}],"wp:term":[{"taxonomy":"product_brand","embeddable":true,"href":"https:\/\/htc-ps.com\/de\/wp-json\/wp\/v2\/product_brand?post=7686"},{"taxonomy":"product_cat","embeddable":true,"href":"https:\/\/htc-ps.com\/de\/wp-json\/wp\/v2\/product_cat?post=7686"},{"taxonomy":"product_tag","embeddable":true,"href":"https:\/\/htc-ps.com\/de\/wp-json\/wp\/v2\/product_tag?post=7686"}],"curies":[{"name":"wp","href":"https:\/\/api.w.org\/{rel}","templated":true}]}}