{"id":7665,"date":"2021-08-10T10:42:02","date_gmt":"2021-08-10T08:42:02","guid":{"rendered":"https:\/\/comhtc-golovinka.savviihq.com\/product\/xentry-2\/"},"modified":"2023-03-28T11:26:12","modified_gmt":"2023-03-28T09:26:12","slug":"xentry-2","status":"publish","type":"product","link":"https:\/\/htc-ps.com\/de\/producten\/speedgates-de\/xentry-2\/","title":{"rendered":"XENTRY 2"},"content":{"rendered":"<h3>Vorteile des Xentry 2:<\/h3>\n<p><img decoding=\"async\" src=\"\/wp-content\/uploads\/2021\/10\/6.Stopwatchwit.png\" width=\"75\" \/>\u00a0ca. 1 m\/Sek (10x schneller als andere Arten von Toren)<br \/>\n<img decoding=\"async\" src=\"\/wp-content\/uploads\/2021\/10\/8.Politiekeurmerkwit.png\" width=\"75\" \/>\u00a0sicher, durch \u00d6ffnen und Schlie\u00dfen bei jeder Passage wird Mitfahren oder -gehen verhindert<br \/>\n<img decoding=\"async\" src=\"\/wp-content\/uploads\/2021\/10\/4.Bordwit.png\" width=\"75\" \/>zuverl\u00e4ssig, durch A-Qualit\u00e4tskomponenten und vorausschauende Wartung (Xense)<br \/>\n<img decoding=\"async\" src=\"\/wp-content\/uploads\/2021\/10\/2.Grafiekrwit.png\" width=\"75\" \/>hohe Nutzungsfrequenz, bis zu 600 Bewegungen pro Tag<br \/>\n<img decoding=\"async\" src=\"\/wp-content\/uploads\/2021\/10\/9.Veiligheidwit.png\" width=\"75\" \/>sicher, vom T\u00dcV nach EN13241-1 gepr\u00fcft. Die Schutzvorrichtungen lassen sich an die jeweilige Situation anpassen und sind in Bezu<br \/>\n<img decoding=\"async\" src=\"\/wp-content\/uploads\/2021\/10\/3.Geldzakwit.png\" width=\"75\" \/>auf die Gesamtbetriebskosten (Anschaffung + Nutzung) die effektivste Wahl auf dem Markt<br \/>\n<img decoding=\"async\" src=\"\/wp-content\/uploads\/2021\/10\/5.Duimwit.png\" width=\"75\" \/>HTC hat bereits mehr als 3500 Speedgates an zufriedene Kunden weltweit geliefert.<\/p>\n","protected":false},"excerpt":{"rendered":"<p>Dieses Speedgate mit zwei Motoren hat einen soliden Antrieb an der Unterseite und einen F\u00fchrungskanal an der Ober- oder Unterseite. Das Falttor \u00f6ffnet sich mit ca. 1 Meter pro Sekunde und ist T\u00dcV-zertifiziert. Wir verwenden dieses Speedgate unter anderem f\u00fcr Apartmenth\u00e4user und Industriegel\u00e4nde.<\/p>\n","protected":false},"featured_media":8121,"template":"","meta":{"_acf_changed":false,"inline_featured_image":false},"product_brand":[],"product_cat":[80],"product_tag":[],"class_list":{"0":"post-7665","1":"product","2":"type-product","3":"status-publish","4":"has-post-thumbnail","6":"product_cat-speedgates-de","8":"first","9":"instock","10":"taxable","11":"shipping-taxable","12":"product-type-simple"},"acf":[],"yoast_head":"<!-- This site is optimized with the Yoast SEO plugin v26.0 - https:\/\/yoast.com\/wordpress\/plugins\/seo\/ -->\n<title>Speedgate Xentry 2 | HTC<\/title>\n<meta name=\"robots\" content=\"index, follow, max-snippet:-1, max-image-preview:large, max-video-preview:-1\" \/>\n<link rel=\"canonical\" href=\"https:\/\/htc-ps.com\/de\/producten\/speedgates-de\/xentry-2\/\" \/>\n<meta property=\"og:locale\" content=\"de_DE\" \/>\n<meta property=\"og:type\" content=\"article\" \/>\n<meta property=\"og:title\" content=\"Speedgate Xentry 2 | HTC\" \/>\n<meta property=\"og:description\" content=\"Dieses Speedgate mit zwei Motoren hat einen soliden Antrieb an der Unterseite und einen F\u00fchrungskanal an der Ober- oder Unterseite. Das Falttor \u00f6ffnet sich mit ca. 1 Meter pro Sekunde und ist T\u00dcV-zertifiziert. Wir verwenden dieses Speedgate unter anderem f\u00fcr Apartmenth\u00e4user und Industriegel\u00e4nde.\" \/>\n<meta property=\"og:url\" content=\"https:\/\/htc-ps.com\/de\/producten\/speedgates-de\/xentry-2\/\" \/>\n<meta property=\"og:site_name\" content=\"HTC\" \/>\n<meta property=\"article:modified_time\" content=\"2023-03-28T09:26:12+00:00\" \/>\n<meta property=\"og:image\" content=\"https:\/\/htc-ps.com\/wp-content\/uploads\/2021\/08\/001-X2p-render-half-open-small.png\" \/>\n\t<meta property=\"og:image:width\" content=\"1200\" \/>\n\t<meta property=\"og:image:height\" content=\"1200\" \/>\n\t<meta property=\"og:image:type\" content=\"image\/png\" \/>\n<meta name=\"twitter:card\" content=\"summary_large_image\" \/>\n<meta name=\"twitter:label1\" content=\"Gesch\u00e4tzte Lesezeit\" \/>\n\t<meta name=\"twitter:data1\" content=\"2\u00a0Minuten\" \/>\n<script type=\"application\/ld+json\" class=\"yoast-schema-graph\">{\"@context\":\"https:\/\/schema.org\",\"@graph\":[{\"@type\":\"WebPage\",\"@id\":\"https:\/\/htc-ps.com\/de\/producten\/speedgates-de\/xentry-2\/\",\"url\":\"https:\/\/htc-ps.com\/de\/producten\/speedgates-de\/xentry-2\/\",\"name\":\"Speedgate Xentry 2 | HTC\",\"isPartOf\":{\"@id\":\"https:\/\/htc-ps.com\/de\/#website\"},\"primaryImageOfPage\":{\"@id\":\"https:\/\/htc-ps.com\/de\/producten\/speedgates-de\/xentry-2\/#primaryimage\"},\"image\":{\"@id\":\"https:\/\/htc-ps.com\/de\/producten\/speedgates-de\/xentry-2\/#primaryimage\"},\"thumbnailUrl\":\"https:\/\/htc-ps.com\/wp-content\/uploads\/2021\/08\/001-X2p-render-half-open-small.png\",\"datePublished\":\"2021-08-10T08:42:02+00:00\",\"dateModified\":\"2023-03-28T09:26:12+00:00\",\"breadcrumb\":{\"@id\":\"https:\/\/htc-ps.com\/de\/producten\/speedgates-de\/xentry-2\/#breadcrumb\"},\"inLanguage\":\"de\",\"potentialAction\":[{\"@type\":\"ReadAction\",\"target\":[\"https:\/\/htc-ps.com\/de\/producten\/speedgates-de\/xentry-2\/\"]}]},{\"@type\":\"ImageObject\",\"inLanguage\":\"de\",\"@id\":\"https:\/\/htc-ps.com\/de\/producten\/speedgates-de\/xentry-2\/#primaryimage\",\"url\":\"https:\/\/htc-ps.com\/wp-content\/uploads\/2021\/08\/001-X2p-render-half-open-small.png\",\"contentUrl\":\"https:\/\/htc-ps.com\/wp-content\/uploads\/2021\/08\/001-X2p-render-half-open-small.png\",\"width\":1200,\"height\":1200},{\"@type\":\"BreadcrumbList\",\"@id\":\"https:\/\/htc-ps.com\/de\/producten\/speedgates-de\/xentry-2\/#breadcrumb\",\"itemListElement\":[{\"@type\":\"ListItem\",\"position\":1,\"name\":\"Home\",\"item\":\"https:\/\/htc-ps.com\/de\/\"},{\"@type\":\"ListItem\",\"position\":2,\"name\":\"Produkten\",\"item\":\"https:\/\/htc-ps.com\/de\/?page_id=44\"},{\"@type\":\"ListItem\",\"position\":3,\"name\":\"XENTRY 2\"}]},{\"@type\":\"WebSite\",\"@id\":\"https:\/\/htc-ps.com\/de\/#website\",\"url\":\"https:\/\/htc-ps.com\/de\/\",\"name\":\"HTC\",\"description\":\"parking en security\",\"potentialAction\":[{\"@type\":\"SearchAction\",\"target\":{\"@type\":\"EntryPoint\",\"urlTemplate\":\"https:\/\/htc-ps.com\/de\/?s={search_term_string}\"},\"query-input\":{\"@type\":\"PropertyValueSpecification\",\"valueRequired\":true,\"valueName\":\"search_term_string\"}}],\"inLanguage\":\"de\"}]}<\/script>\n<!-- \/ Yoast SEO plugin. -->","yoast_head_json":{"title":"Speedgate Xentry 2 | HTC","robots":{"index":"index","follow":"follow","max-snippet":"max-snippet:-1","max-image-preview":"max-image-preview:large","max-video-preview":"max-video-preview:-1"},"canonical":"https:\/\/htc-ps.com\/de\/producten\/speedgates-de\/xentry-2\/","og_locale":"de_DE","og_type":"article","og_title":"Speedgate Xentry 2 | HTC","og_description":"Dieses Speedgate mit zwei Motoren hat einen soliden Antrieb an der Unterseite und einen F\u00fchrungskanal an der Ober- oder Unterseite. Das Falttor \u00f6ffnet sich mit ca. 1 Meter pro Sekunde und ist T\u00dcV-zertifiziert. Wir verwenden dieses Speedgate unter anderem f\u00fcr Apartmenth\u00e4user und Industriegel\u00e4nde.","og_url":"https:\/\/htc-ps.com\/de\/producten\/speedgates-de\/xentry-2\/","og_site_name":"HTC","article_modified_time":"2023-03-28T09:26:12+00:00","og_image":[{"width":1200,"height":1200,"url":"https:\/\/htc-ps.com\/wp-content\/uploads\/2021\/08\/001-X2p-render-half-open-small.png","type":"image\/png"}],"twitter_card":"summary_large_image","twitter_misc":{"Gesch\u00e4tzte Lesezeit":"2\u00a0Minuten"},"schema":{"@context":"https:\/\/schema.org","@graph":[{"@type":"WebPage","@id":"https:\/\/htc-ps.com\/de\/producten\/speedgates-de\/xentry-2\/","url":"https:\/\/htc-ps.com\/de\/producten\/speedgates-de\/xentry-2\/","name":"Speedgate Xentry 2 | HTC","isPartOf":{"@id":"https:\/\/htc-ps.com\/de\/#website"},"primaryImageOfPage":{"@id":"https:\/\/htc-ps.com\/de\/producten\/speedgates-de\/xentry-2\/#primaryimage"},"image":{"@id":"https:\/\/htc-ps.com\/de\/producten\/speedgates-de\/xentry-2\/#primaryimage"},"thumbnailUrl":"https:\/\/htc-ps.com\/wp-content\/uploads\/2021\/08\/001-X2p-render-half-open-small.png","datePublished":"2021-08-10T08:42:02+00:00","dateModified":"2023-03-28T09:26:12+00:00","breadcrumb":{"@id":"https:\/\/htc-ps.com\/de\/producten\/speedgates-de\/xentry-2\/#breadcrumb"},"inLanguage":"de","potentialAction":[{"@type":"ReadAction","target":["https:\/\/htc-ps.com\/de\/producten\/speedgates-de\/xentry-2\/"]}]},{"@type":"ImageObject","inLanguage":"de","@id":"https:\/\/htc-ps.com\/de\/producten\/speedgates-de\/xentry-2\/#primaryimage","url":"https:\/\/htc-ps.com\/wp-content\/uploads\/2021\/08\/001-X2p-render-half-open-small.png","contentUrl":"https:\/\/htc-ps.com\/wp-content\/uploads\/2021\/08\/001-X2p-render-half-open-small.png","width":1200,"height":1200},{"@type":"BreadcrumbList","@id":"https:\/\/htc-ps.com\/de\/producten\/speedgates-de\/xentry-2\/#breadcrumb","itemListElement":[{"@type":"ListItem","position":1,"name":"Home","item":"https:\/\/htc-ps.com\/de\/"},{"@type":"ListItem","position":2,"name":"Produkten","item":"https:\/\/htc-ps.com\/de\/?page_id=44"},{"@type":"ListItem","position":3,"name":"XENTRY 2"}]},{"@type":"WebSite","@id":"https:\/\/htc-ps.com\/de\/#website","url":"https:\/\/htc-ps.com\/de\/","name":"HTC","description":"parking en security","potentialAction":[{"@type":"SearchAction","target":{"@type":"EntryPoint","urlTemplate":"https:\/\/htc-ps.com\/de\/?s={search_term_string}"},"query-input":{"@type":"PropertyValueSpecification","valueRequired":true,"valueName":"search_term_string"}}],"inLanguage":"de"}]}},"_links":{"self":[{"href":"https:\/\/htc-ps.com\/de\/wp-json\/wp\/v2\/product\/7665","targetHints":{"allow":["GET"]}}],"collection":[{"href":"https:\/\/htc-ps.com\/de\/wp-json\/wp\/v2\/product"}],"about":[{"href":"https:\/\/htc-ps.com\/de\/wp-json\/wp\/v2\/types\/product"}],"wp:featuredmedia":[{"embeddable":true,"href":"https:\/\/htc-ps.com\/de\/wp-json\/wp\/v2\/media\/8121"}],"wp:attachment":[{"href":"https:\/\/htc-ps.com\/de\/wp-json\/wp\/v2\/media?parent=7665"}],"wp:term":[{"taxonomy":"product_brand","embeddable":true,"href":"https:\/\/htc-ps.com\/de\/wp-json\/wp\/v2\/product_brand?post=7665"},{"taxonomy":"product_cat","embeddable":true,"href":"https:\/\/htc-ps.com\/de\/wp-json\/wp\/v2\/product_cat?post=7665"},{"taxonomy":"product_tag","embeddable":true,"href":"https:\/\/htc-ps.com\/de\/wp-json\/wp\/v2\/product_tag?post=7665"}],"curies":[{"name":"wp","href":"https:\/\/api.w.org\/{rel}","templated":true}]}}