{"id":7487,"date":"2021-09-28T10:48:44","date_gmt":"2021-09-28T08:48:44","guid":{"rendered":"https:\/\/comhtc-golovinka.savviihq.com\/product\/pevac-road-blockers\/"},"modified":"2025-10-28T14:49:23","modified_gmt":"2025-10-28T13:49:23","slug":"pevac-strassensperren","status":"publish","type":"product","link":"https:\/\/htc-ps.com\/de\/producten\/pevac-de\/pevac-strassensperren\/","title":{"rendered":"Stra\u00dfensperren"},"content":{"rendered":"<p>Regeln Sie den Verkehr oder erh\u00f6hen Sie die Sicherheit mit diesen Stra\u00dfensperren. Der Wechsel zwischen dem Schlie\u00dfen und \u00d6ffnen von Busspuren, Parkpl\u00e4tzen und der Sicherung von Geb\u00e4uden und Einrichtungen ist sehr einfach und sicher. Im eingeklappten Zustand ist die Stra\u00dfensperre fast unsichtbar, im ausgeklappten Zustand h\u00e4lt sie Autos auf.<\/p>\n<p>Dank der soliden Konstruktion k\u00f6nnen schwere Fahrzeuge (Verkehrsklasse 60) \u00fcber die Stra\u00dfensperre fahren, wenn sie eingeklappt ist.<\/p>\n<h3>Vorteile der Pevac Stra\u00dfensperren:<\/h3>\n<ul>\n<li>Weltweit einsetzbar<\/li>\n<li>Schnell<\/li>\n<li>Robust<\/li>\n<li>Crash-Test zertifiziert (optional)<\/li>\n<li>Entwickelt f\u00fcr verschiedene Bedrohungsstufen<\/li>\n<li>Umgebungsfreundliches Erscheinungsbild oder hohe Sicherheit<\/li>\n<li>Betriebssicher<\/li>\n<\/ul>\n","protected":false},"excerpt":{"rendered":"<p>Die Pevac Stra\u00dfensperren sichern stark und regulieren flexibel<\/p>\n","protected":false},"featured_media":2995,"template":"","meta":{"_acf_changed":false,"inline_featured_image":false},"product_brand":[],"product_cat":[104],"product_tag":[],"class_list":{"0":"post-7487","1":"product","2":"type-product","3":"status-publish","4":"has-post-thumbnail","6":"product_cat-pevac-de","8":"first","9":"instock","10":"taxable","11":"shipping-taxable","12":"product-type-simple"},"acf":[],"yoast_head":"<!-- This site is optimized with the Yoast SEO plugin v27.4 - https:\/\/yoast.com\/product\/yoast-seo-wordpress\/ -->\n<title>PEVAC Road Blockers | HTC<\/title>\n<meta name=\"robots\" content=\"index, follow, max-snippet:-1, max-image-preview:large, max-video-preview:-1\" \/>\n<link rel=\"canonical\" href=\"https:\/\/htc-ps.com\/de\/producten\/pevac-de\/pevac-strassensperren\/\" \/>\n<meta property=\"og:locale\" content=\"de_DE\" \/>\n<meta property=\"og:type\" content=\"article\" \/>\n<meta property=\"og:title\" content=\"PEVAC Road Blockers | HTC\" \/>\n<meta property=\"og:description\" content=\"Die Pevac Stra\u00dfensperren sichern stark und regulieren flexibel\" \/>\n<meta property=\"og:url\" content=\"https:\/\/htc-ps.com\/de\/producten\/pevac-de\/pevac-strassensperren\/\" \/>\n<meta property=\"og:site_name\" content=\"HTC\" \/>\n<meta property=\"article:modified_time\" content=\"2025-10-28T13:49:23+00:00\" \/>\n<meta property=\"og:image\" content=\"https:\/\/htc-ps.com\/wp-content\/uploads\/2021\/09\/High-security-htv-roadblocker-003-1.jpg\" \/>\n\t<meta property=\"og:image:width\" content=\"1024\" \/>\n\t<meta property=\"og:image:height\" content=\"683\" \/>\n\t<meta property=\"og:image:type\" content=\"image\/jpeg\" \/>\n<meta name=\"twitter:card\" content=\"summary_large_image\" \/>\n<meta name=\"twitter:label1\" content=\"Gesch\u00e4tzte Lesezeit\" \/>\n\t<meta name=\"twitter:data1\" content=\"4\u00a0Minuten\" \/>\n<script type=\"application\/ld+json\" class=\"yoast-schema-graph\">{\"@context\":\"https:\\\/\\\/schema.org\",\"@graph\":[{\"@type\":\"WebPage\",\"@id\":\"https:\\\/\\\/htc-ps.com\\\/de\\\/producten\\\/pevac-de\\\/pevac-strassensperren\\\/\",\"url\":\"https:\\\/\\\/htc-ps.com\\\/de\\\/producten\\\/pevac-de\\\/pevac-strassensperren\\\/\",\"name\":\"PEVAC Road Blockers | HTC\",\"isPartOf\":{\"@id\":\"https:\\\/\\\/htc-ps.com\\\/de\\\/#website\"},\"primaryImageOfPage\":{\"@id\":\"https:\\\/\\\/htc-ps.com\\\/de\\\/producten\\\/pevac-de\\\/pevac-strassensperren\\\/#primaryimage\"},\"image\":{\"@id\":\"https:\\\/\\\/htc-ps.com\\\/de\\\/producten\\\/pevac-de\\\/pevac-strassensperren\\\/#primaryimage\"},\"thumbnailUrl\":\"https:\\\/\\\/htc-ps.com\\\/wp-content\\\/uploads\\\/2021\\\/09\\\/High-security-htv-roadblocker-003-1.jpg\",\"datePublished\":\"2021-09-28T08:48:44+00:00\",\"dateModified\":\"2025-10-28T13:49:23+00:00\",\"breadcrumb\":{\"@id\":\"https:\\\/\\\/htc-ps.com\\\/de\\\/producten\\\/pevac-de\\\/pevac-strassensperren\\\/#breadcrumb\"},\"inLanguage\":\"de\",\"potentialAction\":[{\"@type\":\"ReadAction\",\"target\":[\"https:\\\/\\\/htc-ps.com\\\/de\\\/producten\\\/pevac-de\\\/pevac-strassensperren\\\/\"]}]},{\"@type\":\"ImageObject\",\"inLanguage\":\"de\",\"@id\":\"https:\\\/\\\/htc-ps.com\\\/de\\\/producten\\\/pevac-de\\\/pevac-strassensperren\\\/#primaryimage\",\"url\":\"https:\\\/\\\/htc-ps.com\\\/wp-content\\\/uploads\\\/2021\\\/09\\\/High-security-htv-roadblocker-003-1.jpg\",\"contentUrl\":\"https:\\\/\\\/htc-ps.com\\\/wp-content\\\/uploads\\\/2021\\\/09\\\/High-security-htv-roadblocker-003-1.jpg\",\"width\":1024,\"height\":683,\"caption\":\"Roadblocker\"},{\"@type\":\"BreadcrumbList\",\"@id\":\"https:\\\/\\\/htc-ps.com\\\/de\\\/producten\\\/pevac-de\\\/pevac-strassensperren\\\/#breadcrumb\",\"itemListElement\":[{\"@type\":\"ListItem\",\"position\":1,\"name\":\"Home\",\"item\":\"https:\\\/\\\/htc-ps.com\\\/de\\\/\"},{\"@type\":\"ListItem\",\"position\":2,\"name\":\"Produkten\",\"item\":\"https:\\\/\\\/htc-ps.com\\\/de\\\/?page_id=44\"},{\"@type\":\"ListItem\",\"position\":3,\"name\":\"Stra\u00dfensperren\"}]},{\"@type\":\"WebSite\",\"@id\":\"https:\\\/\\\/htc-ps.com\\\/de\\\/#website\",\"url\":\"https:\\\/\\\/htc-ps.com\\\/de\\\/\",\"name\":\"HTC\",\"description\":\"parking en security\",\"potentialAction\":[{\"@type\":\"SearchAction\",\"target\":{\"@type\":\"EntryPoint\",\"urlTemplate\":\"https:\\\/\\\/htc-ps.com\\\/de\\\/?s={search_term_string}\"},\"query-input\":{\"@type\":\"PropertyValueSpecification\",\"valueRequired\":true,\"valueName\":\"search_term_string\"}}],\"inLanguage\":\"de\"}]}<\/script>\n<!-- \/ Yoast SEO plugin. -->","yoast_head_json":{"title":"PEVAC Road Blockers | HTC","robots":{"index":"index","follow":"follow","max-snippet":"max-snippet:-1","max-image-preview":"max-image-preview:large","max-video-preview":"max-video-preview:-1"},"canonical":"https:\/\/htc-ps.com\/de\/producten\/pevac-de\/pevac-strassensperren\/","og_locale":"de_DE","og_type":"article","og_title":"PEVAC Road Blockers | HTC","og_description":"Die Pevac Stra\u00dfensperren sichern stark und regulieren flexibel","og_url":"https:\/\/htc-ps.com\/de\/producten\/pevac-de\/pevac-strassensperren\/","og_site_name":"HTC","article_modified_time":"2025-10-28T13:49:23+00:00","og_image":[{"width":1024,"height":683,"url":"https:\/\/htc-ps.com\/wp-content\/uploads\/2021\/09\/High-security-htv-roadblocker-003-1.jpg","type":"image\/jpeg"}],"twitter_card":"summary_large_image","twitter_misc":{"Gesch\u00e4tzte Lesezeit":"4\u00a0Minuten"},"schema":{"@context":"https:\/\/schema.org","@graph":[{"@type":"WebPage","@id":"https:\/\/htc-ps.com\/de\/producten\/pevac-de\/pevac-strassensperren\/","url":"https:\/\/htc-ps.com\/de\/producten\/pevac-de\/pevac-strassensperren\/","name":"PEVAC Road Blockers | HTC","isPartOf":{"@id":"https:\/\/htc-ps.com\/de\/#website"},"primaryImageOfPage":{"@id":"https:\/\/htc-ps.com\/de\/producten\/pevac-de\/pevac-strassensperren\/#primaryimage"},"image":{"@id":"https:\/\/htc-ps.com\/de\/producten\/pevac-de\/pevac-strassensperren\/#primaryimage"},"thumbnailUrl":"https:\/\/htc-ps.com\/wp-content\/uploads\/2021\/09\/High-security-htv-roadblocker-003-1.jpg","datePublished":"2021-09-28T08:48:44+00:00","dateModified":"2025-10-28T13:49:23+00:00","breadcrumb":{"@id":"https:\/\/htc-ps.com\/de\/producten\/pevac-de\/pevac-strassensperren\/#breadcrumb"},"inLanguage":"de","potentialAction":[{"@type":"ReadAction","target":["https:\/\/htc-ps.com\/de\/producten\/pevac-de\/pevac-strassensperren\/"]}]},{"@type":"ImageObject","inLanguage":"de","@id":"https:\/\/htc-ps.com\/de\/producten\/pevac-de\/pevac-strassensperren\/#primaryimage","url":"https:\/\/htc-ps.com\/wp-content\/uploads\/2021\/09\/High-security-htv-roadblocker-003-1.jpg","contentUrl":"https:\/\/htc-ps.com\/wp-content\/uploads\/2021\/09\/High-security-htv-roadblocker-003-1.jpg","width":1024,"height":683,"caption":"Roadblocker"},{"@type":"BreadcrumbList","@id":"https:\/\/htc-ps.com\/de\/producten\/pevac-de\/pevac-strassensperren\/#breadcrumb","itemListElement":[{"@type":"ListItem","position":1,"name":"Home","item":"https:\/\/htc-ps.com\/de\/"},{"@type":"ListItem","position":2,"name":"Produkten","item":"https:\/\/htc-ps.com\/de\/?page_id=44"},{"@type":"ListItem","position":3,"name":"Stra\u00dfensperren"}]},{"@type":"WebSite","@id":"https:\/\/htc-ps.com\/de\/#website","url":"https:\/\/htc-ps.com\/de\/","name":"HTC","description":"parking en security","potentialAction":[{"@type":"SearchAction","target":{"@type":"EntryPoint","urlTemplate":"https:\/\/htc-ps.com\/de\/?s={search_term_string}"},"query-input":{"@type":"PropertyValueSpecification","valueRequired":true,"valueName":"search_term_string"}}],"inLanguage":"de"}]}},"_links":{"self":[{"href":"https:\/\/htc-ps.com\/de\/wp-json\/wp\/v2\/product\/7487","targetHints":{"allow":["GET"]}}],"collection":[{"href":"https:\/\/htc-ps.com\/de\/wp-json\/wp\/v2\/product"}],"about":[{"href":"https:\/\/htc-ps.com\/de\/wp-json\/wp\/v2\/types\/product"}],"wp:featuredmedia":[{"embeddable":true,"href":"https:\/\/htc-ps.com\/de\/wp-json\/wp\/v2\/media\/2995"}],"wp:attachment":[{"href":"https:\/\/htc-ps.com\/de\/wp-json\/wp\/v2\/media?parent=7487"}],"wp:term":[{"taxonomy":"product_brand","embeddable":true,"href":"https:\/\/htc-ps.com\/de\/wp-json\/wp\/v2\/product_brand?post=7487"},{"taxonomy":"product_cat","embeddable":true,"href":"https:\/\/htc-ps.com\/de\/wp-json\/wp\/v2\/product_cat?post=7487"},{"taxonomy":"product_tag","embeddable":true,"href":"https:\/\/htc-ps.com\/de\/wp-json\/wp\/v2\/product_tag?post=7487"}],"curies":[{"name":"wp","href":"https:\/\/api.w.org\/{rel}","templated":true}]}}