{"id":7390,"date":"2021-09-28T10:45:48","date_gmt":"2021-09-28T08:45:48","guid":{"rendered":"https:\/\/comhtc-golovinka.savviihq.com\/product\/pevac-bollards\/"},"modified":"2022-10-12T18:24:09","modified_gmt":"2022-10-12T16:24:09","slug":"pevac-bollards","status":"publish","type":"product","link":"https:\/\/htc-ps.com\/de\/producten\/pevac-de\/pevac-bollards\/","title":{"rendered":"Bollards"},"content":{"rendered":"<p>Regeln Sie den Verkehr oder erh\u00f6hen Sie die Sicherheit mit diesen Stra\u00dfensperren. Der Wechsel zwischen dem Schlie\u00dfen und \u00d6ffnen von Busspuren, Parkpl\u00e4tzen und der Sicherung von Geb\u00e4uden und Einrichtungen ist sehr einfach und sicher.<\/p>\n<p>Im eingeklappten Zustand ist die Stra\u00dfensperre fast unsichtbar, im ausgeklappten Zustand h\u00e4lt sie Autos auf. Die Stra\u00dfensperre wird komplett mit Betonfundament geliefert, sodass sie m\u00fchelos in den Stra\u00dfenbelag eingelassen werden kann. Dank der soliden Konstruktion k\u00f6nnen schwere Fahrzeuge (Verkehrsklasse 60) \u00fcber die Stra\u00dfensperre fahren, wenn sie eingeklappt ist.<\/p>\n<h3>Vorteile der Pevac Bollards:<\/h3>\n<ul>\n<li>Weltweit einsetzbar<\/li>\n<li>Schnell<\/li>\n<li>Robust<\/li>\n<li>Crash-Test zertifiziert (optional)<\/li>\n<li>Entwickelt f\u00fcr verschiedene Bedrohungsstufen<\/li>\n<li>Umgebungsfreundliches Erscheinungsbild oder hohe Sicherheit<\/li>\n<li>Betriebssicher<\/li>\n<\/ul>\n","protected":false},"excerpt":{"rendered":"<p>Gut gesichert, ohne die Verkehrsteilnehmer zu behindern, und mit einem eleganten Erscheinungsbild.<\/p>\n","protected":false},"featured_media":5152,"template":"","meta":{"_acf_changed":false,"inline_featured_image":false},"product_brand":[],"product_cat":[104],"product_tag":[],"class_list":{"0":"post-7390","1":"product","2":"type-product","3":"status-publish","4":"has-post-thumbnail","6":"product_cat-pevac-de","8":"first","9":"instock","10":"taxable","11":"shipping-taxable","12":"product-type-simple"},"acf":[],"yoast_head":"<!-- This site is optimized with the Yoast SEO plugin v26.0 - https:\/\/yoast.com\/wordpress\/plugins\/seo\/ -->\n<title>PEVAC Bollards | HTC<\/title>\n<meta name=\"robots\" content=\"index, follow, max-snippet:-1, max-image-preview:large, max-video-preview:-1\" \/>\n<link rel=\"canonical\" href=\"https:\/\/htc-ps.com\/de\/producten\/pevac-de\/pevac-bollards\/\" \/>\n<meta property=\"og:locale\" content=\"de_DE\" \/>\n<meta property=\"og:type\" content=\"article\" \/>\n<meta property=\"og:title\" content=\"PEVAC Bollards | HTC\" \/>\n<meta property=\"og:description\" content=\"Gut gesichert, ohne die Verkehrsteilnehmer zu behindern, und mit einem eleganten Erscheinungsbild.\" \/>\n<meta property=\"og:url\" content=\"https:\/\/htc-ps.com\/de\/producten\/pevac-de\/pevac-bollards\/\" \/>\n<meta property=\"og:site_name\" content=\"HTC\" \/>\n<meta property=\"article:modified_time\" content=\"2022-10-12T16:24:09+00:00\" \/>\n<meta property=\"og:image\" content=\"https:\/\/htc-ps.com\/wp-content\/uploads\/2021\/09\/pevac-bollard.jpeg\" \/>\n\t<meta property=\"og:image:width\" content=\"1181\" \/>\n\t<meta property=\"og:image:height\" content=\"787\" \/>\n\t<meta property=\"og:image:type\" content=\"image\/jpeg\" \/>\n<meta name=\"twitter:card\" content=\"summary_large_image\" \/>\n<meta name=\"twitter:label1\" content=\"Gesch\u00e4tzte Lesezeit\" \/>\n\t<meta name=\"twitter:data1\" content=\"1\u00a0Minute\" \/>\n<script type=\"application\/ld+json\" class=\"yoast-schema-graph\">{\"@context\":\"https:\/\/schema.org\",\"@graph\":[{\"@type\":\"WebPage\",\"@id\":\"https:\/\/htc-ps.com\/de\/producten\/pevac-de\/pevac-bollards\/\",\"url\":\"https:\/\/htc-ps.com\/de\/producten\/pevac-de\/pevac-bollards\/\",\"name\":\"PEVAC Bollards | HTC\",\"isPartOf\":{\"@id\":\"https:\/\/htc-ps.com\/de\/#website\"},\"primaryImageOfPage\":{\"@id\":\"https:\/\/htc-ps.com\/de\/producten\/pevac-de\/pevac-bollards\/#primaryimage\"},\"image\":{\"@id\":\"https:\/\/htc-ps.com\/de\/producten\/pevac-de\/pevac-bollards\/#primaryimage\"},\"thumbnailUrl\":\"https:\/\/htc-ps.com\/wp-content\/uploads\/2021\/09\/pevac-bollard.jpeg\",\"datePublished\":\"2021-09-28T08:45:48+00:00\",\"dateModified\":\"2022-10-12T16:24:09+00:00\",\"breadcrumb\":{\"@id\":\"https:\/\/htc-ps.com\/de\/producten\/pevac-de\/pevac-bollards\/#breadcrumb\"},\"inLanguage\":\"de\",\"potentialAction\":[{\"@type\":\"ReadAction\",\"target\":[\"https:\/\/htc-ps.com\/de\/producten\/pevac-de\/pevac-bollards\/\"]}]},{\"@type\":\"ImageObject\",\"inLanguage\":\"de\",\"@id\":\"https:\/\/htc-ps.com\/de\/producten\/pevac-de\/pevac-bollards\/#primaryimage\",\"url\":\"https:\/\/htc-ps.com\/wp-content\/uploads\/2021\/09\/pevac-bollard.jpeg\",\"contentUrl\":\"https:\/\/htc-ps.com\/wp-content\/uploads\/2021\/09\/pevac-bollard.jpeg\",\"width\":1181,\"height\":787,\"caption\":\"PEVAC Bollard\"},{\"@type\":\"BreadcrumbList\",\"@id\":\"https:\/\/htc-ps.com\/de\/producten\/pevac-de\/pevac-bollards\/#breadcrumb\",\"itemListElement\":[{\"@type\":\"ListItem\",\"position\":1,\"name\":\"Home\",\"item\":\"https:\/\/htc-ps.com\/de\/\"},{\"@type\":\"ListItem\",\"position\":2,\"name\":\"Produkten\",\"item\":\"https:\/\/htc-ps.com\/de\/?page_id=44\"},{\"@type\":\"ListItem\",\"position\":3,\"name\":\"Bollards\"}]},{\"@type\":\"WebSite\",\"@id\":\"https:\/\/htc-ps.com\/de\/#website\",\"url\":\"https:\/\/htc-ps.com\/de\/\",\"name\":\"HTC\",\"description\":\"parking en security\",\"potentialAction\":[{\"@type\":\"SearchAction\",\"target\":{\"@type\":\"EntryPoint\",\"urlTemplate\":\"https:\/\/htc-ps.com\/de\/?s={search_term_string}\"},\"query-input\":{\"@type\":\"PropertyValueSpecification\",\"valueRequired\":true,\"valueName\":\"search_term_string\"}}],\"inLanguage\":\"de\"}]}<\/script>\n<!-- \/ Yoast SEO plugin. -->","yoast_head_json":{"title":"PEVAC Bollards | HTC","robots":{"index":"index","follow":"follow","max-snippet":"max-snippet:-1","max-image-preview":"max-image-preview:large","max-video-preview":"max-video-preview:-1"},"canonical":"https:\/\/htc-ps.com\/de\/producten\/pevac-de\/pevac-bollards\/","og_locale":"de_DE","og_type":"article","og_title":"PEVAC Bollards | HTC","og_description":"Gut gesichert, ohne die Verkehrsteilnehmer zu behindern, und mit einem eleganten Erscheinungsbild.","og_url":"https:\/\/htc-ps.com\/de\/producten\/pevac-de\/pevac-bollards\/","og_site_name":"HTC","article_modified_time":"2022-10-12T16:24:09+00:00","og_image":[{"width":1181,"height":787,"url":"https:\/\/htc-ps.com\/wp-content\/uploads\/2021\/09\/pevac-bollard.jpeg","type":"image\/jpeg"}],"twitter_card":"summary_large_image","twitter_misc":{"Gesch\u00e4tzte Lesezeit":"1\u00a0Minute"},"schema":{"@context":"https:\/\/schema.org","@graph":[{"@type":"WebPage","@id":"https:\/\/htc-ps.com\/de\/producten\/pevac-de\/pevac-bollards\/","url":"https:\/\/htc-ps.com\/de\/producten\/pevac-de\/pevac-bollards\/","name":"PEVAC Bollards | HTC","isPartOf":{"@id":"https:\/\/htc-ps.com\/de\/#website"},"primaryImageOfPage":{"@id":"https:\/\/htc-ps.com\/de\/producten\/pevac-de\/pevac-bollards\/#primaryimage"},"image":{"@id":"https:\/\/htc-ps.com\/de\/producten\/pevac-de\/pevac-bollards\/#primaryimage"},"thumbnailUrl":"https:\/\/htc-ps.com\/wp-content\/uploads\/2021\/09\/pevac-bollard.jpeg","datePublished":"2021-09-28T08:45:48+00:00","dateModified":"2022-10-12T16:24:09+00:00","breadcrumb":{"@id":"https:\/\/htc-ps.com\/de\/producten\/pevac-de\/pevac-bollards\/#breadcrumb"},"inLanguage":"de","potentialAction":[{"@type":"ReadAction","target":["https:\/\/htc-ps.com\/de\/producten\/pevac-de\/pevac-bollards\/"]}]},{"@type":"ImageObject","inLanguage":"de","@id":"https:\/\/htc-ps.com\/de\/producten\/pevac-de\/pevac-bollards\/#primaryimage","url":"https:\/\/htc-ps.com\/wp-content\/uploads\/2021\/09\/pevac-bollard.jpeg","contentUrl":"https:\/\/htc-ps.com\/wp-content\/uploads\/2021\/09\/pevac-bollard.jpeg","width":1181,"height":787,"caption":"PEVAC Bollard"},{"@type":"BreadcrumbList","@id":"https:\/\/htc-ps.com\/de\/producten\/pevac-de\/pevac-bollards\/#breadcrumb","itemListElement":[{"@type":"ListItem","position":1,"name":"Home","item":"https:\/\/htc-ps.com\/de\/"},{"@type":"ListItem","position":2,"name":"Produkten","item":"https:\/\/htc-ps.com\/de\/?page_id=44"},{"@type":"ListItem","position":3,"name":"Bollards"}]},{"@type":"WebSite","@id":"https:\/\/htc-ps.com\/de\/#website","url":"https:\/\/htc-ps.com\/de\/","name":"HTC","description":"parking en security","potentialAction":[{"@type":"SearchAction","target":{"@type":"EntryPoint","urlTemplate":"https:\/\/htc-ps.com\/de\/?s={search_term_string}"},"query-input":{"@type":"PropertyValueSpecification","valueRequired":true,"valueName":"search_term_string"}}],"inLanguage":"de"}]}},"_links":{"self":[{"href":"https:\/\/htc-ps.com\/de\/wp-json\/wp\/v2\/product\/7390","targetHints":{"allow":["GET"]}}],"collection":[{"href":"https:\/\/htc-ps.com\/de\/wp-json\/wp\/v2\/product"}],"about":[{"href":"https:\/\/htc-ps.com\/de\/wp-json\/wp\/v2\/types\/product"}],"wp:featuredmedia":[{"embeddable":true,"href":"https:\/\/htc-ps.com\/de\/wp-json\/wp\/v2\/media\/5152"}],"wp:attachment":[{"href":"https:\/\/htc-ps.com\/de\/wp-json\/wp\/v2\/media?parent=7390"}],"wp:term":[{"taxonomy":"product_brand","embeddable":true,"href":"https:\/\/htc-ps.com\/de\/wp-json\/wp\/v2\/product_brand?post=7390"},{"taxonomy":"product_cat","embeddable":true,"href":"https:\/\/htc-ps.com\/de\/wp-json\/wp\/v2\/product_cat?post=7390"},{"taxonomy":"product_tag","embeddable":true,"href":"https:\/\/htc-ps.com\/de\/wp-json\/wp\/v2\/product_tag?post=7390"}],"curies":[{"name":"wp","href":"https:\/\/api.w.org\/{rel}","templated":true}]}}