{"id":6456,"date":"2021-08-10T10:42:37","date_gmt":"2021-08-10T08:42:37","guid":{"rendered":"https:\/\/comhtc-golovinka.savviihq.com\/product\/xentry-sts\/"},"modified":"2024-01-23T09:43:32","modified_gmt":"2024-01-23T08:43:32","slug":"xentry-sts","status":"publish","type":"product","link":"https:\/\/htc-ps.com\/de\/producten\/speedgates-de\/xentry-sts\/","title":{"rendered":"XENTRY STS"},"content":{"rendered":"<p>Die wirksame Absicherung von Betriebsgel\u00e4nden erfordert eine permanente Absperrung. Ein effizienter Pkw- und Lkw-Verkehr wiederum erfordert eine behinderungsfreie Zufahrt. Xentry STS bietet Sicherheit ohne Hindernisse, denn dieses schienenlose Speedgate hat weder oben noch unten eine F\u00fchrung und ist in Gr\u00f6\u00dfen bis zu 12 m Breite erh\u00e4ltlich.<\/p>\n<p>Das schnelle \u00d6ffnen und Schlie\u00dfen verhindert Wartezeiten und \u201eMitfahren und Mitlaufen\u201c.<\/p>\n<h3>Vorteile von Xentry STS:<\/h3>\n<p><img decoding=\"async\" src=\"\/wp-content\/uploads\/2021\/10\/6.Stopwatchwit.png\" width=\"75\" \/>~6 Sek.\/5 m breites Speedgate. ~13 Sek\/12 m Speedgate (10x schneller als andere Tortypen)<br \/>\n<img decoding=\"async\" src=\"\/wp-content\/uploads\/2021\/10\/8.Politiekeurmerkwit.png\" width=\"75\" \/>sicher, durch \u00d6ffnen und Schlie\u00dfen bei jeder Durchfahrt wird Mitfahren oder Mitlaufen verhindert<br \/>\n<img decoding=\"async\" src=\"\/wp-content\/uploads\/2021\/10\/4.Bordwit.png\" width=\"75\" \/>zuverl\u00e4ssig, durch qualitativ hochwertige Komponenten und vorausschauende Wartung (Xense)<br \/>\n<img decoding=\"async\" src=\"\/wp-content\/uploads\/2021\/10\/2.Grafiekrwit.png\" width=\"75\" \/>hohe Einsatzh\u00e4ufigkeit, bis zu 400 Bewegungen pro Tag<br \/>\n<img decoding=\"async\" src=\"\/wp-content\/uploads\/2021\/10\/9.Veiligheidwit.png\" width=\"75\" \/>Sicher, gepr\u00fcft von SKG nach EN13241-1.<br \/>\n<img decoding=\"async\" src=\"\/wp-content\/uploads\/2021\/10\/3.Geldzakwit.png\" width=\"75\" \/>Sicherheitsfunktionen, die an die jeweilige Situation angepasst werden k\u00f6nnen Gesamtbetriebskosten (Anschaffung + Nutzung) die effektivste Wahl auf dem Markt<br \/>\n<img decoding=\"async\" src=\"\/wp-content\/uploads\/2021\/10\/5.Duimwit.png\" width=\"75\" \/>HTC hat weltweit mehr als 3500 Speedgates an zufriedene Kunden geliefert.<\/p>\n","protected":false},"excerpt":{"rendered":"<p>Hindernisfreie Sicherheit, auch f\u00fcr Schwerlastverkehr und hohe Fahrzeuge geeignet.<\/p>\n","protected":false},"featured_media":7838,"template":"","meta":{"_acf_changed":false,"inline_featured_image":false},"product_brand":[],"product_cat":[80],"product_tag":[],"class_list":{"0":"post-6456","1":"product","2":"type-product","3":"status-publish","4":"has-post-thumbnail","6":"product_cat-speedgates-de","8":"first","9":"instock","10":"taxable","11":"shipping-taxable","12":"product-type-simple"},"acf":[],"yoast_head":"<!-- This site is optimized with the Yoast SEO plugin v26.0 - https:\/\/yoast.com\/wordpress\/plugins\/seo\/ -->\n<title>Speedgate XENTRY STS | HTC<\/title>\n<meta name=\"robots\" content=\"index, follow, max-snippet:-1, max-image-preview:large, max-video-preview:-1\" \/>\n<link rel=\"canonical\" href=\"https:\/\/htc-ps.com\/de\/producten\/speedgates-de\/xentry-sts\/\" \/>\n<meta property=\"og:locale\" content=\"de_DE\" \/>\n<meta property=\"og:type\" content=\"article\" \/>\n<meta property=\"og:title\" content=\"Speedgate XENTRY STS | HTC\" \/>\n<meta property=\"og:description\" content=\"Hindernisfreie Sicherheit, auch f\u00fcr Schwerlastverkehr und hohe Fahrzeuge geeignet.\" \/>\n<meta property=\"og:url\" content=\"https:\/\/htc-ps.com\/de\/producten\/speedgates-de\/xentry-sts\/\" \/>\n<meta property=\"og:site_name\" content=\"HTC\" \/>\n<meta property=\"article:modified_time\" content=\"2024-01-23T08:43:32+00:00\" \/>\n<meta property=\"og:image\" content=\"https:\/\/htc-ps.com\/wp-content\/uploads\/2021\/08\/afbeeldingen-Xentry-sts_Pagina_5.png\" \/>\n\t<meta property=\"og:image:width\" content=\"750\" \/>\n\t<meta property=\"og:image:height\" content=\"750\" \/>\n\t<meta property=\"og:image:type\" content=\"image\/png\" \/>\n<meta name=\"twitter:card\" content=\"summary_large_image\" \/>\n<meta name=\"twitter:label1\" content=\"Gesch\u00e4tzte Lesezeit\" \/>\n\t<meta name=\"twitter:data1\" content=\"3\u00a0Minuten\" \/>\n<script type=\"application\/ld+json\" class=\"yoast-schema-graph\">{\"@context\":\"https:\/\/schema.org\",\"@graph\":[{\"@type\":\"WebPage\",\"@id\":\"https:\/\/htc-ps.com\/de\/producten\/speedgates-de\/xentry-sts\/\",\"url\":\"https:\/\/htc-ps.com\/de\/producten\/speedgates-de\/xentry-sts\/\",\"name\":\"Speedgate XENTRY STS | HTC\",\"isPartOf\":{\"@id\":\"https:\/\/htc-ps.com\/de\/#website\"},\"primaryImageOfPage\":{\"@id\":\"https:\/\/htc-ps.com\/de\/producten\/speedgates-de\/xentry-sts\/#primaryimage\"},\"image\":{\"@id\":\"https:\/\/htc-ps.com\/de\/producten\/speedgates-de\/xentry-sts\/#primaryimage\"},\"thumbnailUrl\":\"https:\/\/htc-ps.com\/wp-content\/uploads\/2021\/08\/afbeeldingen-Xentry-sts_Pagina_5.png\",\"datePublished\":\"2021-08-10T08:42:37+00:00\",\"dateModified\":\"2024-01-23T08:43:32+00:00\",\"breadcrumb\":{\"@id\":\"https:\/\/htc-ps.com\/de\/producten\/speedgates-de\/xentry-sts\/#breadcrumb\"},\"inLanguage\":\"de\",\"potentialAction\":[{\"@type\":\"ReadAction\",\"target\":[\"https:\/\/htc-ps.com\/de\/producten\/speedgates-de\/xentry-sts\/\"]}]},{\"@type\":\"ImageObject\",\"inLanguage\":\"de\",\"@id\":\"https:\/\/htc-ps.com\/de\/producten\/speedgates-de\/xentry-sts\/#primaryimage\",\"url\":\"https:\/\/htc-ps.com\/wp-content\/uploads\/2021\/08\/afbeeldingen-Xentry-sts_Pagina_5.png\",\"contentUrl\":\"https:\/\/htc-ps.com\/wp-content\/uploads\/2021\/08\/afbeeldingen-Xentry-sts_Pagina_5.png\",\"width\":750,\"height\":750,\"caption\":\"Xentry sts half open\"},{\"@type\":\"BreadcrumbList\",\"@id\":\"https:\/\/htc-ps.com\/de\/producten\/speedgates-de\/xentry-sts\/#breadcrumb\",\"itemListElement\":[{\"@type\":\"ListItem\",\"position\":1,\"name\":\"Home\",\"item\":\"https:\/\/htc-ps.com\/de\/\"},{\"@type\":\"ListItem\",\"position\":2,\"name\":\"Produkten\",\"item\":\"https:\/\/htc-ps.com\/de\/?page_id=44\"},{\"@type\":\"ListItem\",\"position\":3,\"name\":\"XENTRY STS\"}]},{\"@type\":\"WebSite\",\"@id\":\"https:\/\/htc-ps.com\/de\/#website\",\"url\":\"https:\/\/htc-ps.com\/de\/\",\"name\":\"HTC\",\"description\":\"parking en security\",\"potentialAction\":[{\"@type\":\"SearchAction\",\"target\":{\"@type\":\"EntryPoint\",\"urlTemplate\":\"https:\/\/htc-ps.com\/de\/?s={search_term_string}\"},\"query-input\":{\"@type\":\"PropertyValueSpecification\",\"valueRequired\":true,\"valueName\":\"search_term_string\"}}],\"inLanguage\":\"de\"}]}<\/script>\n<!-- \/ Yoast SEO plugin. -->","yoast_head_json":{"title":"Speedgate XENTRY STS | HTC","robots":{"index":"index","follow":"follow","max-snippet":"max-snippet:-1","max-image-preview":"max-image-preview:large","max-video-preview":"max-video-preview:-1"},"canonical":"https:\/\/htc-ps.com\/de\/producten\/speedgates-de\/xentry-sts\/","og_locale":"de_DE","og_type":"article","og_title":"Speedgate XENTRY STS | HTC","og_description":"Hindernisfreie Sicherheit, auch f\u00fcr Schwerlastverkehr und hohe Fahrzeuge geeignet.","og_url":"https:\/\/htc-ps.com\/de\/producten\/speedgates-de\/xentry-sts\/","og_site_name":"HTC","article_modified_time":"2024-01-23T08:43:32+00:00","og_image":[{"width":750,"height":750,"url":"https:\/\/htc-ps.com\/wp-content\/uploads\/2021\/08\/afbeeldingen-Xentry-sts_Pagina_5.png","type":"image\/png"}],"twitter_card":"summary_large_image","twitter_misc":{"Gesch\u00e4tzte Lesezeit":"3\u00a0Minuten"},"schema":{"@context":"https:\/\/schema.org","@graph":[{"@type":"WebPage","@id":"https:\/\/htc-ps.com\/de\/producten\/speedgates-de\/xentry-sts\/","url":"https:\/\/htc-ps.com\/de\/producten\/speedgates-de\/xentry-sts\/","name":"Speedgate XENTRY STS | HTC","isPartOf":{"@id":"https:\/\/htc-ps.com\/de\/#website"},"primaryImageOfPage":{"@id":"https:\/\/htc-ps.com\/de\/producten\/speedgates-de\/xentry-sts\/#primaryimage"},"image":{"@id":"https:\/\/htc-ps.com\/de\/producten\/speedgates-de\/xentry-sts\/#primaryimage"},"thumbnailUrl":"https:\/\/htc-ps.com\/wp-content\/uploads\/2021\/08\/afbeeldingen-Xentry-sts_Pagina_5.png","datePublished":"2021-08-10T08:42:37+00:00","dateModified":"2024-01-23T08:43:32+00:00","breadcrumb":{"@id":"https:\/\/htc-ps.com\/de\/producten\/speedgates-de\/xentry-sts\/#breadcrumb"},"inLanguage":"de","potentialAction":[{"@type":"ReadAction","target":["https:\/\/htc-ps.com\/de\/producten\/speedgates-de\/xentry-sts\/"]}]},{"@type":"ImageObject","inLanguage":"de","@id":"https:\/\/htc-ps.com\/de\/producten\/speedgates-de\/xentry-sts\/#primaryimage","url":"https:\/\/htc-ps.com\/wp-content\/uploads\/2021\/08\/afbeeldingen-Xentry-sts_Pagina_5.png","contentUrl":"https:\/\/htc-ps.com\/wp-content\/uploads\/2021\/08\/afbeeldingen-Xentry-sts_Pagina_5.png","width":750,"height":750,"caption":"Xentry sts half open"},{"@type":"BreadcrumbList","@id":"https:\/\/htc-ps.com\/de\/producten\/speedgates-de\/xentry-sts\/#breadcrumb","itemListElement":[{"@type":"ListItem","position":1,"name":"Home","item":"https:\/\/htc-ps.com\/de\/"},{"@type":"ListItem","position":2,"name":"Produkten","item":"https:\/\/htc-ps.com\/de\/?page_id=44"},{"@type":"ListItem","position":3,"name":"XENTRY STS"}]},{"@type":"WebSite","@id":"https:\/\/htc-ps.com\/de\/#website","url":"https:\/\/htc-ps.com\/de\/","name":"HTC","description":"parking en security","potentialAction":[{"@type":"SearchAction","target":{"@type":"EntryPoint","urlTemplate":"https:\/\/htc-ps.com\/de\/?s={search_term_string}"},"query-input":{"@type":"PropertyValueSpecification","valueRequired":true,"valueName":"search_term_string"}}],"inLanguage":"de"}]}},"_links":{"self":[{"href":"https:\/\/htc-ps.com\/de\/wp-json\/wp\/v2\/product\/6456","targetHints":{"allow":["GET"]}}],"collection":[{"href":"https:\/\/htc-ps.com\/de\/wp-json\/wp\/v2\/product"}],"about":[{"href":"https:\/\/htc-ps.com\/de\/wp-json\/wp\/v2\/types\/product"}],"wp:featuredmedia":[{"embeddable":true,"href":"https:\/\/htc-ps.com\/de\/wp-json\/wp\/v2\/media\/7838"}],"wp:attachment":[{"href":"https:\/\/htc-ps.com\/de\/wp-json\/wp\/v2\/media?parent=6456"}],"wp:term":[{"taxonomy":"product_brand","embeddable":true,"href":"https:\/\/htc-ps.com\/de\/wp-json\/wp\/v2\/product_brand?post=6456"},{"taxonomy":"product_cat","embeddable":true,"href":"https:\/\/htc-ps.com\/de\/wp-json\/wp\/v2\/product_cat?post=6456"},{"taxonomy":"product_tag","embeddable":true,"href":"https:\/\/htc-ps.com\/de\/wp-json\/wp\/v2\/product_tag?post=6456"}],"curies":[{"name":"wp","href":"https:\/\/api.w.org\/{rel}","templated":true}]}}