{"id":9625,"date":"2021-11-10T17:05:39","date_gmt":"2021-11-10T16:05:39","guid":{"rendered":"https:\/\/htc-ps.com\/over-htc\/certificeringen\/"},"modified":"2025-05-07T11:42:34","modified_gmt":"2025-05-07T09:42:34","slug":"certificeringen","status":"publish","type":"page","link":"https:\/\/htc-ps.com\/de\/over-htc\/certificeringen\/","title":{"rendered":"Zertifikate"},"content":{"rendered":"\t\t<\/div>\n\t\t<div class=\"block_11 \">\n\t\t\t\t\t<div class=\"block_12\">\n\t\t\t\t<div class=\"block_12_inner_left\" style=\"top:-80px;\">\n\t\t\t\t\t\t\t\t\t\t\t<svg width=\"929px\" height=\"929px\" viewBox=\"0 0 929 929\" version=\"1.1\" xmlns:xlink=\"http:\/\/www.w3.org\/1999\/xlink\" xmlns=\"http:\/\/www.w3.org\/2000\/svg\">\n\t\t\t\t\t\t\t<defs>\n\t\t\t\t\t\t\t\t<image width=\"48\" height=\"48\" xlink:href=\"data:image\/png;base64,iVBORw0KGgoAAAANSUhEUgAAADAAAAAwCAYAAABXAvmHAAAABHNCSVQICAgIfAhkiAAAAPJJREFUaIHtmLsNAyEQRJfrjZhGKIdGqBAnNrLlM+Y3sEizGdLtG94FBGOstUlExDkn3nsjkyaEkGKM+Yzim5cAMgTJN6v+FIpvVoQg+RlyqsQH4ESJr+XTJG4XT5L4uXSKRHHhBIm\/H2uXqPpQs0T1JbRKNF1Ao0RzuDaJrmBNEt2hWiSGAjVIDIftlpgStFNi+zs+yp8WUApB8q8QQirsNI333jjn8jnGKGj+tSIEyb9WhCD57IVqQtgLFYa9UMuwF7oZ9kK9w17oOeyFZgx7IXQIks9eqCYEyWcvtFuCvVBNCJK\/\/R0f5bMXeh\/2Qh38B6HWnw7KZkkyAAAAAElFTkSuQmCC\" id=\"img_1\" \/>\n\t\t\t\t\t\t\t\t<pattern patternUnits=\"userSpaceOnUse\" width=\"15.484271\" height=\"15.484271\" id=\"pattern_1\">\n\t\t\t\t\t\t\t\t<use xlink:href=\"#img_1\" transform=\"scale(0.32258898,0.32258898)\" \/>\n\t\t\t\t\t\t\t\t<\/pattern>\n\t\t\t\t\t\t\t<\/defs>\n\t\t\t\t\t\t\t<path d=\"M929 2.27374e-13L929 929L0 0L929 2.27374e-13Z\" transform=\"matrix(-1 0 0 1 929 0)\" id=\"Rectangle\" fill=\"url(#pattern_1)\" fill-opacity=\"0.11139081\" stroke=\"none\" \/>\n\t\t\t\t\t\t<\/svg>\n\t\t\t\t\t\t\t\t\t\t\t\t\t\t\t\t<div class=\"hook_left\"><\/div>\n\t\t\t\t\t\t\t\t\t<\/div>\n\t\t\t<\/div>\n\t\t\t\t\t\t\t\t\t\t\t<div class=\"container\">\n\t\t\t<div class=\"row\">\n\t\t\t\t<div class=\"col-lg-12 \"><div class=\"block_11_inner block_form_box col_marge_set\"><div class=\"block_content block_content_gen\"><p>HTC parking &amp; security will auch in puncto Sicherheit und Qualit\u00e4t Marktf\u00fchrer sein. Aus diesem Grund lassen wir unsere Arbeit und Produkte j\u00e4hrlich durch externe Audits \u00fcberpr\u00fcfen. Die folgenden Zertifikate stehen zum Download zur Verf\u00fcgung.<\/p>\n<p>Dar\u00fcber hinaus verf\u00fcgen wir \u00fcber spezifische Produktzertifikate (z.B. f\u00fcr besondere Sicherheitsanforderungen). Diese Zertifikate sind f\u00fcr (potenzielle) Kunden auf Anfrage nach R\u00fccksprache mit unserer Verkaufsabteilung erh\u00e4ltlich.<\/p>\n<\/div><div class=\"btn_row\"><a href=\"https:\/\/htc-ps.com\/wp-content\/uploads\/2025\/05\/HTC-speedgates-TUV-certificering-2025.pdf\" target=\"\" class=\"btn btn_grey\">TUV Werkszertifikat<\/a><a href=\"\/de\/kontakt\/\" target=\"\" class=\"btn btn_grey\">KOMO attest (nur auf Anfrage)<\/a><a href=\"https:\/\/htc-ps.com\/wp-content\/uploads\/2024\/07\/Certificaat-VCA-HTC-Group-met-HTC-service-and-installation-tot-24-7-2027.pdf\" target=\"\" class=\"btn btn_grey\">VCA<\/a><a href=\"https:\/\/htc-ps.com\/wp-content\/uploads\/2024\/07\/Certificaat-ISO9001-HTC-Group.pdf\" target=\"\" class=\"btn btn_grey\">ISO 9001<\/a><\/div><\/div><\/div>\t\t\t<\/div>\n\t\t<\/div>\n\t\t\t<\/div>\n\t<div class=\"container\">\n","protected":false},"excerpt":{"rendered":"","protected":false},"author":23,"featured_media":0,"parent":7046,"menu_order":0,"comment_status":"closed","ping_status":"closed","template":"","meta":{"_acf_changed":false,"inline_featured_image":false,"footnotes":""},"class_list":["post-9625","page","type-page","status-publish","hentry"],"acf":[],"yoast_head":"<!-- This site is optimized with the Yoast SEO plugin v26.0 - https:\/\/yoast.com\/wordpress\/plugins\/seo\/ -->\n<title>Zertifikate - HTC<\/title>\n<meta name=\"description\" content=\"Um Marktf\u00fchrer im Bereich Sicherheit und Qualit\u00e4t zu sein, lassen wir unsere Produkte j\u00e4hrlich kontrollieren. Mehr \u00fcber unsere Zertifikate &gt;&gt;\" \/>\n<meta name=\"robots\" content=\"index, follow, max-snippet:-1, max-image-preview:large, max-video-preview:-1\" \/>\n<link rel=\"canonical\" href=\"https:\/\/htc-ps.com\/de\/over-htc\/certificeringen\/\" \/>\n<meta property=\"og:locale\" content=\"de_DE\" \/>\n<meta property=\"og:type\" content=\"article\" \/>\n<meta property=\"og:title\" content=\"Zertifikate - HTC\" \/>\n<meta property=\"og:description\" content=\"Um Marktf\u00fchrer im Bereich Sicherheit und Qualit\u00e4t zu sein, lassen wir unsere Produkte j\u00e4hrlich kontrollieren. Mehr \u00fcber unsere Zertifikate &gt;&gt;\" \/>\n<meta property=\"og:url\" content=\"https:\/\/htc-ps.com\/de\/over-htc\/certificeringen\/\" \/>\n<meta property=\"og:site_name\" content=\"HTC\" \/>\n<meta property=\"article:modified_time\" content=\"2025-05-07T09:42:34+00:00\" \/>\n<meta name=\"twitter:card\" content=\"summary_large_image\" \/>\n<meta name=\"twitter:label1\" content=\"Gesch\u00e4tzte Lesezeit\" \/>\n\t<meta name=\"twitter:data1\" content=\"1\u00a0Minute\" \/>\n<script type=\"application\/ld+json\" class=\"yoast-schema-graph\">{\"@context\":\"https:\/\/schema.org\",\"@graph\":[{\"@type\":\"WebPage\",\"@id\":\"https:\/\/htc-ps.com\/de\/over-htc\/certificeringen\/\",\"url\":\"https:\/\/htc-ps.com\/de\/over-htc\/certificeringen\/\",\"name\":\"Zertifikate - HTC\",\"isPartOf\":{\"@id\":\"https:\/\/htc-ps.com\/de\/#website\"},\"datePublished\":\"2021-11-10T16:05:39+00:00\",\"dateModified\":\"2025-05-07T09:42:34+00:00\",\"description\":\"Um Marktf\u00fchrer im Bereich Sicherheit und Qualit\u00e4t zu sein, lassen wir unsere Produkte j\u00e4hrlich kontrollieren. Mehr \u00fcber unsere Zertifikate >>\",\"breadcrumb\":{\"@id\":\"https:\/\/htc-ps.com\/de\/over-htc\/certificeringen\/#breadcrumb\"},\"inLanguage\":\"de\",\"potentialAction\":[{\"@type\":\"ReadAction\",\"target\":[\"https:\/\/htc-ps.com\/de\/over-htc\/certificeringen\/\"]}]},{\"@type\":\"BreadcrumbList\",\"@id\":\"https:\/\/htc-ps.com\/de\/over-htc\/certificeringen\/#breadcrumb\",\"itemListElement\":[{\"@type\":\"ListItem\",\"position\":1,\"name\":\"Home\",\"item\":\"https:\/\/htc-ps.com\/de\/\"},{\"@type\":\"ListItem\",\"position\":2,\"name\":\"\u00dcber HTC\",\"item\":\"https:\/\/htc-ps.com\/de\/over-htc\/\"},{\"@type\":\"ListItem\",\"position\":3,\"name\":\"Zertifikate\"}]},{\"@type\":\"WebSite\",\"@id\":\"https:\/\/htc-ps.com\/de\/#website\",\"url\":\"https:\/\/htc-ps.com\/de\/\",\"name\":\"HTC\",\"description\":\"parking en security\",\"potentialAction\":[{\"@type\":\"SearchAction\",\"target\":{\"@type\":\"EntryPoint\",\"urlTemplate\":\"https:\/\/htc-ps.com\/de\/?s={search_term_string}\"},\"query-input\":{\"@type\":\"PropertyValueSpecification\",\"valueRequired\":true,\"valueName\":\"search_term_string\"}}],\"inLanguage\":\"de\"}]}<\/script>\n<!-- \/ Yoast SEO plugin. -->","yoast_head_json":{"title":"Zertifikate - HTC","description":"Um Marktf\u00fchrer im Bereich Sicherheit und Qualit\u00e4t zu sein, lassen wir unsere Produkte j\u00e4hrlich kontrollieren. Mehr \u00fcber unsere Zertifikate >>","robots":{"index":"index","follow":"follow","max-snippet":"max-snippet:-1","max-image-preview":"max-image-preview:large","max-video-preview":"max-video-preview:-1"},"canonical":"https:\/\/htc-ps.com\/de\/over-htc\/certificeringen\/","og_locale":"de_DE","og_type":"article","og_title":"Zertifikate - HTC","og_description":"Um Marktf\u00fchrer im Bereich Sicherheit und Qualit\u00e4t zu sein, lassen wir unsere Produkte j\u00e4hrlich kontrollieren. Mehr \u00fcber unsere Zertifikate >>","og_url":"https:\/\/htc-ps.com\/de\/over-htc\/certificeringen\/","og_site_name":"HTC","article_modified_time":"2025-05-07T09:42:34+00:00","twitter_card":"summary_large_image","twitter_misc":{"Gesch\u00e4tzte Lesezeit":"1\u00a0Minute"},"schema":{"@context":"https:\/\/schema.org","@graph":[{"@type":"WebPage","@id":"https:\/\/htc-ps.com\/de\/over-htc\/certificeringen\/","url":"https:\/\/htc-ps.com\/de\/over-htc\/certificeringen\/","name":"Zertifikate - HTC","isPartOf":{"@id":"https:\/\/htc-ps.com\/de\/#website"},"datePublished":"2021-11-10T16:05:39+00:00","dateModified":"2025-05-07T09:42:34+00:00","description":"Um Marktf\u00fchrer im Bereich Sicherheit und Qualit\u00e4t zu sein, lassen wir unsere Produkte j\u00e4hrlich kontrollieren. Mehr \u00fcber unsere Zertifikate >>","breadcrumb":{"@id":"https:\/\/htc-ps.com\/de\/over-htc\/certificeringen\/#breadcrumb"},"inLanguage":"de","potentialAction":[{"@type":"ReadAction","target":["https:\/\/htc-ps.com\/de\/over-htc\/certificeringen\/"]}]},{"@type":"BreadcrumbList","@id":"https:\/\/htc-ps.com\/de\/over-htc\/certificeringen\/#breadcrumb","itemListElement":[{"@type":"ListItem","position":1,"name":"Home","item":"https:\/\/htc-ps.com\/de\/"},{"@type":"ListItem","position":2,"name":"\u00dcber HTC","item":"https:\/\/htc-ps.com\/de\/over-htc\/"},{"@type":"ListItem","position":3,"name":"Zertifikate"}]},{"@type":"WebSite","@id":"https:\/\/htc-ps.com\/de\/#website","url":"https:\/\/htc-ps.com\/de\/","name":"HTC","description":"parking en security","potentialAction":[{"@type":"SearchAction","target":{"@type":"EntryPoint","urlTemplate":"https:\/\/htc-ps.com\/de\/?s={search_term_string}"},"query-input":{"@type":"PropertyValueSpecification","valueRequired":true,"valueName":"search_term_string"}}],"inLanguage":"de"}]}},"_links":{"self":[{"href":"https:\/\/htc-ps.com\/de\/wp-json\/wp\/v2\/pages\/9625","targetHints":{"allow":["GET"]}}],"collection":[{"href":"https:\/\/htc-ps.com\/de\/wp-json\/wp\/v2\/pages"}],"about":[{"href":"https:\/\/htc-ps.com\/de\/wp-json\/wp\/v2\/types\/page"}],"author":[{"embeddable":true,"href":"https:\/\/htc-ps.com\/de\/wp-json\/wp\/v2\/users\/23"}],"replies":[{"embeddable":true,"href":"https:\/\/htc-ps.com\/de\/wp-json\/wp\/v2\/comments?post=9625"}],"version-history":[{"count":21,"href":"https:\/\/htc-ps.com\/de\/wp-json\/wp\/v2\/pages\/9625\/revisions"}],"predecessor-version":[{"id":12500,"href":"https:\/\/htc-ps.com\/de\/wp-json\/wp\/v2\/pages\/9625\/revisions\/12500"}],"up":[{"embeddable":true,"href":"https:\/\/htc-ps.com\/de\/wp-json\/wp\/v2\/pages\/7046"}],"wp:attachment":[{"href":"https:\/\/htc-ps.com\/de\/wp-json\/wp\/v2\/media?parent=9625"}],"curies":[{"name":"wp","href":"https:\/\/api.w.org\/{rel}","templated":true}]}}