{"id":6567,"date":"2021-07-22T15:05:33","date_gmt":"2021-07-22T13:05:33","guid":{"rendered":"https:\/\/comhtc-golovinka.savviihq.com\/privacy-statement\/"},"modified":"2022-09-30T11:13:58","modified_gmt":"2022-09-30T09:13:58","slug":"datenschutzerklarung","status":"publish","type":"page","link":"https:\/\/htc-ps.com\/de\/datenschutzerklarung\/","title":{"rendered":"Datenschutzerkl\u00e4rung"},"content":{"rendered":"\n<p><strong>Dies ist die Datenschutzerkl\u00e4rung der HTC group bv, im Folgenden als HTC bezeichnet. HTC ist verantwortlich f\u00fcr die Verarbeitung personenbezogener Daten, wie in dieser Datenschutzerkl\u00e4rung f\u00fcr HTC parking &amp; security BV, HTC service &amp; installation BV, HTC consultancy &amp; innovation BV, HTC company BV und HTC speedgate as a service BV angegeben. Wir halten es f\u00fcr sehr wichtig, dass Ihre personenbezogenen Daten mit Sorgfalt behandelt werden. Personenbezogene Daten werden daher sorgf\u00e4ltig verarbeitet und gesichert. Dabei beachten wir die Anforderungen der Datenschutzgesetze.<\/strong><\/p>\n\n\n\n<h3 class=\"wp-block-heading\">Kontaktdaten<\/h3>\n\n\n\n<p>Tweede Bloksweg 72 2742 KL <\/p>\n\n\n\n<p>Waddinxveen Telefon: +31 88 027 70 88 <\/p>\n\n\n\n<p>Website: www.htc-ps.com <\/p>\n\n\n\n<p>E-Mail: privacy@htc-ps.com<\/p>\n\n\n\n<h3 class=\"wp-block-heading\">Gesch\u00e4ftsaktivit\u00e4ten<\/h3>\n\n\n\n<p>HTC verkauft, entwickelt, fertigt, exportiert, installiert und wartet Zugangssicherheitsprodukte, einschlie\u00dflich aller damit verbundenen Aktivit\u00e4ten und Dienstleistungen.<\/p>\n\n\n\n<h3 class=\"wp-block-heading\">Personenbezogene Daten, die wir verarbeiten<\/h3>\n\n\n\n<p>HTC verarbeitet Ihre personenbezogenen Daten, weil Sie unsere Produkte und Dienstleistungen in Anspruch nehmen und\/oder weil Sie uns diese selbst zur Verf\u00fcgung stellen. Im Folgenden finden Sie einen \u00dcberblick \u00fcber die personenbezogenen Daten, die wir verarbeiten: \u2022 Vor- und Nachname; \u2022&nbsp;Geschlecht; \u2022&nbsp;Adressdaten; \u2022&nbsp;Telefonnummer; \u2022&nbsp;E-Mail-Adresse; \u2022&nbsp;andere (berufsbezogene) personenbezogene Daten, die Sie uns aktiv zur Verf\u00fcgung stellen, z.B. \u00fcber unsere Website, Korrespondenz oder per Telefon; \u2022&nbsp;Daten \u00fcber Ihre Aktivit\u00e4ten auf unserer Website, \u00fcber Cookies; \u2022&nbsp;Zahlungsdaten; \u2022&nbsp;zur Einhaltung gesetzlicher Vorschriften.<\/p>\n\n\n\n<h3 class=\"wp-block-heading\">F\u00fcr welche Zwecke und auf welcher Grundlage verarbeiten wir personenbezogene Daten?<\/h3>\n\n\n\n<p>HTC verarbeitet Ihre personenbezogenen Daten zu folgenden Zwecken: \u2022 Abschluss und Ausf\u00fchrung eines Vertrags mit uns; \u2022 Abwicklung von Zahlungen, weil Sie eine Gesch\u00e4ftsbeziehung mit uns haben; \u2022 Kommunikation \u00fcber unsere Produkte, Dienstleistungen oder andere gesch\u00e4ftsbezogene Informationen; \u2022 Versand von Newslettern, Prospekten, Einladungen oder anderen gesch\u00e4ftsbezogenen Informationen; \u2022 Kontaktaufnahme, wenn dies erforderlich ist, um unsere Dienstleistungen ausf\u00fchren zu k\u00f6nnen; \u2022 Lieferung von Waren und Dienstleistungen; \u2022 Analyse des Verhaltens auf der Website, um die Website zu verbessern; \u2022 Verarbeitung personenbezogener Daten, wenn wir gesetzlich dazu verpflichtet sind.<\/p>\n\n\n\n<h3 class=\"wp-block-heading\">Automatisierte Entscheidungsfindung<\/h3>\n\n\n\n<p>HTC trifft keine Entscheidungen durch automatisierte Verarbeitung in Angelegenheiten, die (erhebliche) Auswirkungen auf Personen haben k\u00f6nnen. Diese Entscheidungen werden von Computerprogrammen oder &#8211; systemen getroffen, ohne dass ein Mensch (zum Beispiel ein HTC-Mitarbeiter) daran beteiligt ist.<\/p>\n\n\n\n<h3 class=\"wp-block-heading\">Wie lange speichern wir personenbezogene Daten?<\/h3>\n\n\n\n<p>Wir halten uns mindestens an die gesetzliche Aufbewahrungsfrist. HTC speichert Ihre personenbezogenen Daten nicht l\u00e4nger als n\u00f6tig, um die Zwecke zu erf\u00fcllen, f\u00fcr die Ihre Daten erhoben wurden, und um Sie als Kunden angemessen bedienen zu k\u00f6nnen.<\/p>\n\n\n\n<h3 class=\"wp-block-heading\">Weitergabe personenbezogener Daten an Dritte<\/h3>\n\n\n\n<p>HTC gibt Ihre personenbezogenen Daten nicht an andere Parteien weiter, es sei denn, dies ist f\u00fcr den Gesch\u00e4ftsbetrieb erforderlich oder gesetzlich vorgeschrieben.<\/p>\n\n\n\n<h3 class=\"wp-block-heading\">Cookies oder \u00e4hnliche Techniken<\/h3>\n\n\n\n<p>HTC kann funktionale, analytische und Tracking-Cookies verwenden. Ein Cookie ist eine kleine Textdatei, <strong>die im Browser Ihres Ger\u00e4ts gespeichert wird, wenn Sie diese Website zum ersten Mal besuchen. HTC verwendet Cookies mit einer rein technischen Funktion. Diese Cookies k\u00f6nnen verwendet werden, um das<\/strong> Funktionieren der Website zu optimieren. Diese sorgen zum Beispiel daf\u00fcr, dass Ihre Pr\u00e4ferenzen gespeichert <strong>werden<\/strong>. Dar\u00fcber hinaus setzen wir Cookies ein, um Ihr Surfverhalten auf unserer Website zu analysieren. berpr\u00fcfen, Anpassen oder L\u00f6schen von Daten<\/p>\n\n\n\n<h3 class=\"wp-block-heading\">\u00dcberpr\u00fcfen, Anpassen oder L\u00f6schen von Daten<\/h3>\n\n\n\n<p>Sie haben das Recht, Ihre personenbezogenen Daten einzusehen, zu korrigieren oder zu l\u00f6schen. Dar\u00fcber hinaus haben Sie das Recht, I<strong>hre Einwilligung zur Datenverarbeitung zu widerrufen oder der<\/strong> Verarbeitung Ihrer personenbezogenen Daten durch unser Unternehmen zu widersprechen, und Sie haben das Recht auf Daten\u00fcbertragbarkeit. Das<strong> bedeutet, dass Sie uns auffordern k\u00f6nnen, die personenbezogenen Daten, die wir \u00fcber Sie in einer <\/strong>Computerdatei haben, an Sie oder eine andere von Ihnen benannte Organisation zu senden. Wenn Sie von Ihrem Widerspruchsrecht und\/oder I<strong>hrem Recht auf Daten\u00fcbertragbarkeit Gebrauch machen m\u00f6chten oder wenn Sie andere Fragen\/Anmerkungen zur<\/strong> Datenverarbeitung haben, senden Sie bitte eine spezifizierte Anfrage an privacy@htc-ps.com. Um sicherzustellen, dass <strong>der Antrag auf Einsichtnahme von Ihnen stammt, bitten wir Sie, dem Antrag eine Kopie Ihres Ausweises<\/strong> beizuf\u00fcgen. Achten Sie bitte darauf, dass Ihr Passfoto, die MRZ (maschinenlesbare Zone, der Streifen mit Zahlen am unteren Rand des Ausweises), die Ausweisnummer und die B\u00fcrgerservicenummer (BSN) in dieser Kopie geschw\u00e4rzt sind. Dies dient dem Schutz Ihrer Privatsph\u00e4re. HTC wird Ihre Anfrage so schnell wie m\u00f6glich, jedoch innerhalb von vier Wochen, beantworten. HTC macht Sie darauf aufmerksam, dass Sie die M\u00f6glichkeit haben, eine Beschwerde bei der nationalen Aufsichtsbeh\u00f6rde, der Autoriteit Persoonsgegevens, einzureichen.<\/p>\n\n\n\n<p> Sie k\u00f6nnen dies \u00fcber den folgenden <a href=\"https:\/\/autoriteitpersoonsgegevens.nl\/nl\/contact-met-de-autoriteitpersoonsgegevens\/tip-ons\">Link<\/a> tun.<\/p>\n\n\n\n<h3 class=\"wp-block-heading\">Wie wir personenbezogene Daten sch\u00fctzen<\/h3>\n\n\n\n<p>HTC nimmt den Schutz Ihrer Daten ernst und ergreift geeignete Ma\u00dfnahmen, um Missbrauch, Verlust, unbefugten Zugriff, unerw\u00fcnschte Offenlegung und unbefugte \u00c4nderungen zu verhindern. Wenn Sie den Eindruck haben, dass Ihre Daten nicht ordnungsgem\u00e4\u00df gesichert sind oder es Anzeichen f\u00fcr einen Missbrauch gibt, kontaktieren Sie uns bitte \u00fcber privacy@htc-ps.com.<\/p>\n\n\n\n<h3 class=\"wp-block-heading\">\u00c4nderungen<\/h3>\n\n\n\n<p>HTC kann von Zeit zu Zeit und aus verschiedenen Gr\u00fcnden \u00c4nderungen, Erg\u00e4nzungen oder Modifikationen an seiner Datenschutzerkl\u00e4rung vornehmen. Die aktuellste Datenschutzerkl\u00e4rung finden Sie auf der HTC-Website. Es ist daher ratsam, diese Datenschutzerkl\u00e4rung regelm\u00e4\u00dfig zu \u00fcberpr\u00fcfen, um sicherzustellen, dass Sie \u00fcber alle \u00c4nderungen informiert sind. Diese Version ist vom Juli 2021.<\/p>\n","protected":false},"excerpt":{"rendered":"<p>Dies ist die Datenschutzerkl\u00e4rung der HTC group bv, im Folgenden als HTC bezeichnet. HTC ist verantwortlich f\u00fcr die Verarbeitung personenbezogener Daten, wie in dieser Datenschutzerkl\u00e4rung f\u00fcr HTC parking &amp; security BV, HTC service &amp; installation BV, HTC consultancy &amp; innovation BV, HTC company BV und HTC speedgate as a service BV angegeben. Wir halten es [&hellip;]<\/p>\n","protected":false},"author":23,"featured_media":0,"parent":0,"menu_order":0,"comment_status":"closed","ping_status":"closed","template":"","meta":{"_acf_changed":false,"inline_featured_image":false,"footnotes":""},"class_list":["post-6567","page","type-page","status-publish","hentry"],"acf":[],"yoast_head":"<!-- This site is optimized with the Yoast SEO plugin v26.0 - https:\/\/yoast.com\/wordpress\/plugins\/seo\/ -->\n<title>Datenschutzerkl\u00e4rung - HTC<\/title>\n<meta name=\"robots\" content=\"index, follow, max-snippet:-1, max-image-preview:large, max-video-preview:-1\" \/>\n<link rel=\"canonical\" href=\"https:\/\/htc-ps.com\/de\/datenschutzerklarung\/\" \/>\n<meta property=\"og:locale\" content=\"de_DE\" \/>\n<meta property=\"og:type\" content=\"article\" \/>\n<meta property=\"og:title\" content=\"Datenschutzerkl\u00e4rung - HTC\" \/>\n<meta property=\"og:description\" content=\"Dies ist die Datenschutzerkl\u00e4rung der HTC group bv, im Folgenden als HTC bezeichnet. HTC ist verantwortlich f\u00fcr die Verarbeitung personenbezogener Daten, wie in dieser Datenschutzerkl\u00e4rung f\u00fcr HTC parking &amp; security BV, HTC service &amp; installation BV, HTC consultancy &amp; innovation BV, HTC company BV und HTC speedgate as a service BV angegeben. Wir halten es [&hellip;]\" \/>\n<meta property=\"og:url\" content=\"https:\/\/htc-ps.com\/de\/datenschutzerklarung\/\" \/>\n<meta property=\"og:site_name\" content=\"HTC\" \/>\n<meta property=\"article:modified_time\" content=\"2022-09-30T09:13:58+00:00\" \/>\n<meta name=\"twitter:card\" content=\"summary_large_image\" \/>\n<meta name=\"twitter:label1\" content=\"Gesch\u00e4tzte Lesezeit\" \/>\n\t<meta name=\"twitter:data1\" content=\"4\u00a0Minuten\" \/>\n<script type=\"application\/ld+json\" class=\"yoast-schema-graph\">{\"@context\":\"https:\/\/schema.org\",\"@graph\":[{\"@type\":\"WebPage\",\"@id\":\"https:\/\/htc-ps.com\/de\/datenschutzerklarung\/\",\"url\":\"https:\/\/htc-ps.com\/de\/datenschutzerklarung\/\",\"name\":\"Datenschutzerkl\u00e4rung - HTC\",\"isPartOf\":{\"@id\":\"https:\/\/htc-ps.com\/de\/#website\"},\"datePublished\":\"2021-07-22T13:05:33+00:00\",\"dateModified\":\"2022-09-30T09:13:58+00:00\",\"breadcrumb\":{\"@id\":\"https:\/\/htc-ps.com\/de\/datenschutzerklarung\/#breadcrumb\"},\"inLanguage\":\"de\",\"potentialAction\":[{\"@type\":\"ReadAction\",\"target\":[\"https:\/\/htc-ps.com\/de\/datenschutzerklarung\/\"]}]},{\"@type\":\"BreadcrumbList\",\"@id\":\"https:\/\/htc-ps.com\/de\/datenschutzerklarung\/#breadcrumb\",\"itemListElement\":[{\"@type\":\"ListItem\",\"position\":1,\"name\":\"Home\",\"item\":\"https:\/\/htc-ps.com\/de\/\"},{\"@type\":\"ListItem\",\"position\":2,\"name\":\"Datenschutzerkl\u00e4rung\"}]},{\"@type\":\"WebSite\",\"@id\":\"https:\/\/htc-ps.com\/de\/#website\",\"url\":\"https:\/\/htc-ps.com\/de\/\",\"name\":\"HTC\",\"description\":\"parking en security\",\"potentialAction\":[{\"@type\":\"SearchAction\",\"target\":{\"@type\":\"EntryPoint\",\"urlTemplate\":\"https:\/\/htc-ps.com\/de\/?s={search_term_string}\"},\"query-input\":{\"@type\":\"PropertyValueSpecification\",\"valueRequired\":true,\"valueName\":\"search_term_string\"}}],\"inLanguage\":\"de\"}]}<\/script>\n<!-- \/ Yoast SEO plugin. -->","yoast_head_json":{"title":"Datenschutzerkl\u00e4rung - HTC","robots":{"index":"index","follow":"follow","max-snippet":"max-snippet:-1","max-image-preview":"max-image-preview:large","max-video-preview":"max-video-preview:-1"},"canonical":"https:\/\/htc-ps.com\/de\/datenschutzerklarung\/","og_locale":"de_DE","og_type":"article","og_title":"Datenschutzerkl\u00e4rung - HTC","og_description":"Dies ist die Datenschutzerkl\u00e4rung der HTC group bv, im Folgenden als HTC bezeichnet. HTC ist verantwortlich f\u00fcr die Verarbeitung personenbezogener Daten, wie in dieser Datenschutzerkl\u00e4rung f\u00fcr HTC parking &amp; security BV, HTC service &amp; installation BV, HTC consultancy &amp; innovation BV, HTC company BV und HTC speedgate as a service BV angegeben. Wir halten es [&hellip;]","og_url":"https:\/\/htc-ps.com\/de\/datenschutzerklarung\/","og_site_name":"HTC","article_modified_time":"2022-09-30T09:13:58+00:00","twitter_card":"summary_large_image","twitter_misc":{"Gesch\u00e4tzte Lesezeit":"4\u00a0Minuten"},"schema":{"@context":"https:\/\/schema.org","@graph":[{"@type":"WebPage","@id":"https:\/\/htc-ps.com\/de\/datenschutzerklarung\/","url":"https:\/\/htc-ps.com\/de\/datenschutzerklarung\/","name":"Datenschutzerkl\u00e4rung - HTC","isPartOf":{"@id":"https:\/\/htc-ps.com\/de\/#website"},"datePublished":"2021-07-22T13:05:33+00:00","dateModified":"2022-09-30T09:13:58+00:00","breadcrumb":{"@id":"https:\/\/htc-ps.com\/de\/datenschutzerklarung\/#breadcrumb"},"inLanguage":"de","potentialAction":[{"@type":"ReadAction","target":["https:\/\/htc-ps.com\/de\/datenschutzerklarung\/"]}]},{"@type":"BreadcrumbList","@id":"https:\/\/htc-ps.com\/de\/datenschutzerklarung\/#breadcrumb","itemListElement":[{"@type":"ListItem","position":1,"name":"Home","item":"https:\/\/htc-ps.com\/de\/"},{"@type":"ListItem","position":2,"name":"Datenschutzerkl\u00e4rung"}]},{"@type":"WebSite","@id":"https:\/\/htc-ps.com\/de\/#website","url":"https:\/\/htc-ps.com\/de\/","name":"HTC","description":"parking en security","potentialAction":[{"@type":"SearchAction","target":{"@type":"EntryPoint","urlTemplate":"https:\/\/htc-ps.com\/de\/?s={search_term_string}"},"query-input":{"@type":"PropertyValueSpecification","valueRequired":true,"valueName":"search_term_string"}}],"inLanguage":"de"}]}},"_links":{"self":[{"href":"https:\/\/htc-ps.com\/de\/wp-json\/wp\/v2\/pages\/6567","targetHints":{"allow":["GET"]}}],"collection":[{"href":"https:\/\/htc-ps.com\/de\/wp-json\/wp\/v2\/pages"}],"about":[{"href":"https:\/\/htc-ps.com\/de\/wp-json\/wp\/v2\/types\/page"}],"author":[{"embeddable":true,"href":"https:\/\/htc-ps.com\/de\/wp-json\/wp\/v2\/users\/23"}],"replies":[{"embeddable":true,"href":"https:\/\/htc-ps.com\/de\/wp-json\/wp\/v2\/comments?post=6567"}],"version-history":[{"count":8,"href":"https:\/\/htc-ps.com\/de\/wp-json\/wp\/v2\/pages\/6567\/revisions"}],"predecessor-version":[{"id":10151,"href":"https:\/\/htc-ps.com\/de\/wp-json\/wp\/v2\/pages\/6567\/revisions\/10151"}],"wp:attachment":[{"href":"https:\/\/htc-ps.com\/de\/wp-json\/wp\/v2\/media?parent=6567"}],"curies":[{"name":"wp","href":"https:\/\/api.w.org\/{rel}","templated":true}]}}